{"id":1261,"date":"2017-08-03T14:41:00","date_gmt":"2017-08-03T12:41:00","guid":{"rendered":"http:\/\/tennisclub86-ovenhausen.lima-city.de\/?page_id=1261"},"modified":"2017-12-20T15:17:45","modified_gmt":"2017-12-20T14:17:45","slug":"jugend","status":"publish","type":"page","link":"https:\/\/tennisclub86-ovenhausen.lima-city.de\/?page_id=1261","title":{"rendered":"Jugend"},"content":{"rendered":"<p>Vor 2 Jahren (2016) starteten Andr\u00e9 Meyer und Pascal Kleine mit einem Tennis Schnuppertag, um die zuletzt fehlende Jugendarbeit wieder anzukurbeln. Das Ergebnis nach den zwei Jahren kann sich sehen lassen, insgesamt 16 Jugendliche befinden sich derzeit in der Jugendabteilung des TC\u00b486 Ovenhausen.<\/p>\n<p><a href=\"https:\/\/tennisclub86-ovenhausen.lima-city.de\/wp-content\/uploads\/2017\/11\/DSC_1284.jpg\"><img loading=\"lazy\" decoding=\"async\" class=\"alignnone wp-image-1321 size-medium\" src=\"https:\/\/tennisclub86-ovenhausen.lima-city.de\/wp-content\/uploads\/2017\/11\/DSC_1284-290x193.jpg\" alt=\"\" width=\"290\" height=\"193\" srcset=\"https:\/\/tennisclub86-ovenhausen.lima-city.de\/wp-content\/uploads\/2017\/11\/DSC_1284-290x193.jpg 290w, https:\/\/tennisclub86-ovenhausen.lima-city.de\/wp-content\/uploads\/2017\/11\/DSC_1284-768x510.jpg 768w, https:\/\/tennisclub86-ovenhausen.lima-city.de\/wp-content\/uploads\/2017\/11\/DSC_1284-1024x680.jpg 1024w, https:\/\/tennisclub86-ovenhausen.lima-city.de\/wp-content\/uploads\/2017\/11\/DSC_1284.jpg 1355w\" sizes=\"auto, (max-width: 290px) 100vw, 290px\" \/>\u00a0<\/a><a href=\"https:\/\/tennisclub86-ovenhausen.lima-city.de\/wp-content\/uploads\/2017\/11\/DSC_1266.jpg\"> <img loading=\"lazy\" decoding=\"async\" class=\"alignnone wp-image-1318 size-medium\" src=\"https:\/\/tennisclub86-ovenhausen.lima-city.de\/wp-content\/uploads\/2017\/11\/DSC_1266-290x193.jpg\" alt=\"\" width=\"290\" height=\"193\" srcset=\"https:\/\/tennisclub86-ovenhausen.lima-city.de\/wp-content\/uploads\/2017\/11\/DSC_1266-290x193.jpg 290w, https:\/\/tennisclub86-ovenhausen.lima-city.de\/wp-content\/uploads\/2017\/11\/DSC_1266-768x510.jpg 768w, https:\/\/tennisclub86-ovenhausen.lima-city.de\/wp-content\/uploads\/2017\/11\/DSC_1266-1024x680.jpg 1024w, https:\/\/tennisclub86-ovenhausen.lima-city.de\/wp-content\/uploads\/2017\/11\/DSC_1266.jpg 1355w\" sizes=\"auto, (max-width: 290px) 100vw, 290px\" \/><\/a><\/p>\n<p><a href=\"https:\/\/tennisclub86-ovenhausen.lima-city.de\/wp-content\/uploads\/2017\/11\/DSC_1284.jpg\"> Fotos: Saisonabschluss Jugend 2017<\/a><\/p>\n<p>Das Jugendtraining findet unter der Leitung von <strong>Andr\u00e9 Meyer<\/strong> und <strong>Pascal Kleine <\/strong>statt.<\/p>\n<p><a href=\"https:\/\/tennisclub86-ovenhausen.lima-city.de\/wp-content\/uploads\/2017\/12\/20160521_143233.jpg\"><img loading=\"lazy\" decoding=\"async\" class=\"alignnone wp-image-1360\" src=\"https:\/\/tennisclub86-ovenhausen.lima-city.de\/wp-content\/uploads\/2017\/12\/20160521_143233-1024x576.jpg\" alt=\"\" width=\"587\" height=\"330\" srcset=\"https:\/\/tennisclub86-ovenhausen.lima-city.de\/wp-content\/uploads\/2017\/12\/20160521_143233-1024x576.jpg 1024w, https:\/\/tennisclub86-ovenhausen.lima-city.de\/wp-content\/uploads\/2017\/12\/20160521_143233-290x163.jpg 290w, https:\/\/tennisclub86-ovenhausen.lima-city.de\/wp-content\/uploads\/2017\/12\/20160521_143233-768x432.jpg 768w, https:\/\/tennisclub86-ovenhausen.lima-city.de\/wp-content\/uploads\/2017\/12\/20160521_143233.jpg 1400w\" sizes=\"auto, (max-width: 587px) 100vw, 587px\" \/><\/a><\/p>\n<p>W\u00e4hrend der Tennissaison findet f\u00fcr die Jugendlichen ein Mal w\u00f6chtenlich das Training auf der Tennisanlage des Vereins statt. Die Trainingstage werden am Anfang jeder Tennissaison mit den Jugendlichen abgestimmt.<\/p>\n<p><a href=\"https:\/\/tennisclub86-ovenhausen.lima-city.de\/wp-content\/uploads\/2017\/12\/20160521_143309.jpg\"><img loading=\"lazy\" decoding=\"async\" class=\"alignnone size-medium wp-image-1362\" src=\"https:\/\/tennisclub86-ovenhausen.lima-city.de\/wp-content\/uploads\/2017\/12\/20160521_143309-290x163.jpg\" alt=\"\" width=\"290\" height=\"163\" srcset=\"https:\/\/tennisclub86-ovenhausen.lima-city.de\/wp-content\/uploads\/2017\/12\/20160521_143309-290x163.jpg 290w, https:\/\/tennisclub86-ovenhausen.lima-city.de\/wp-content\/uploads\/2017\/12\/20160521_143309-768x432.jpg 768w, https:\/\/tennisclub86-ovenhausen.lima-city.de\/wp-content\/uploads\/2017\/12\/20160521_143309-1024x576.jpg 1024w, https:\/\/tennisclub86-ovenhausen.lima-city.de\/wp-content\/uploads\/2017\/12\/20160521_143309.jpg 1400w\" sizes=\"auto, (max-width: 290px) 100vw, 290px\" \/><\/a><a href=\"https:\/\/tennisclub86-ovenhausen.lima-city.de\/wp-content\/uploads\/2016\/05\/20160521_155709.jpg\">\u00a0 <img loading=\"lazy\" decoding=\"async\" class=\"alignnone size-medium wp-image-594\" src=\"https:\/\/tennisclub86-ovenhausen.lima-city.de\/wp-content\/uploads\/2016\/05\/20160521_155709-300x169.jpg\" alt=\"\" width=\"290\" height=\"163\" srcset=\"https:\/\/tennisclub86-ovenhausen.lima-city.de\/wp-content\/uploads\/2016\/05\/20160521_155709-300x169.jpg 300w, https:\/\/tennisclub86-ovenhausen.lima-city.de\/wp-content\/uploads\/2016\/05\/20160521_155709-768x432.jpg 768w, https:\/\/tennisclub86-ovenhausen.lima-city.de\/wp-content\/uploads\/2016\/05\/20160521_155709-1024x576.jpg 1024w, https:\/\/tennisclub86-ovenhausen.lima-city.de\/wp-content\/uploads\/2016\/05\/20160521_155709.jpg 1920w\" sizes=\"auto, (max-width: 290px) 100vw, 290px\" \/><\/a><\/p>\n<p>In 2017 wurden weitere Trainingshilfen f\u00fcr das Jugendtraining angeschafft!<br \/>\n(Koordinationsleiter, H\u00fctchen, Trainingsh\u00fcrden&#8230;)<\/p>\n<p><a href=\"https:\/\/tennisclub86-ovenhausen.lima-city.de\/wp-content\/uploads\/2017\/11\/DSC_1263.jpg\"><img loading=\"lazy\" decoding=\"async\" class=\"alignnone wp-image-1317 size-medium\" src=\"https:\/\/tennisclub86-ovenhausen.lima-city.de\/wp-content\/uploads\/2017\/11\/DSC_1263-290x193.jpg\" alt=\"\" width=\"290\" height=\"193\" srcset=\"https:\/\/tennisclub86-ovenhausen.lima-city.de\/wp-content\/uploads\/2017\/11\/DSC_1263-290x193.jpg 290w, https:\/\/tennisclub86-ovenhausen.lima-city.de\/wp-content\/uploads\/2017\/11\/DSC_1263-768x510.jpg 768w, https:\/\/tennisclub86-ovenhausen.lima-city.de\/wp-content\/uploads\/2017\/11\/DSC_1263-1024x680.jpg 1024w, https:\/\/tennisclub86-ovenhausen.lima-city.de\/wp-content\/uploads\/2017\/11\/DSC_1263.jpg 1355w\" sizes=\"auto, (max-width: 290px) 100vw, 290px\" \/><\/a><a href=\"https:\/\/tennisclub86-ovenhausen.lima-city.de\/wp-content\/uploads\/2017\/11\/DSC_1250.jpg\">\u00a0 <img loading=\"lazy\" decoding=\"async\" class=\"alignnone wp-image-1316 size-medium\" src=\"https:\/\/tennisclub86-ovenhausen.lima-city.de\/wp-content\/uploads\/2017\/11\/DSC_1250-290x193.jpg\" alt=\"\" width=\"290\" height=\"193\" srcset=\"https:\/\/tennisclub86-ovenhausen.lima-city.de\/wp-content\/uploads\/2017\/11\/DSC_1250-290x193.jpg 290w, https:\/\/tennisclub86-ovenhausen.lima-city.de\/wp-content\/uploads\/2017\/11\/DSC_1250-768x510.jpg 768w, https:\/\/tennisclub86-ovenhausen.lima-city.de\/wp-content\/uploads\/2017\/11\/DSC_1250-1024x680.jpg 1024w, https:\/\/tennisclub86-ovenhausen.lima-city.de\/wp-content\/uploads\/2017\/11\/DSC_1250.jpg 1355w\" sizes=\"auto, (max-width: 290px) 100vw, 290px\" \/><\/a><\/p>\n<p><strong>Interessierte Kinder und Jugendliche k\u00f6nnen sich gern das Training anschauen oder daran teilnehmen. Tennisschl\u00e4ger sind vorhanden!<\/strong><\/p>\n<p><strong><span style=\"color: #ff0000;\">Kommt einfach vorbei und probiert es aus!<\/span><\/strong><\/p>\n","protected":false},"excerpt":{"rendered":"<p>Vor 2 Jahren (2016) starteten Andr\u00e9 Meyer und Pascal Kleine mit einem Tennis Schnuppertag, um die zuletzt fehlende Jugendarbeit wieder anzukurbeln. Das Ergebnis nach den zwei Jahren kann sich sehen lassen, insgesamt 16 Jugendliche befinden sich derzeit in der Jugendabteilung&hellip; <\/p>\n","protected":false},"author":1,"featured_media":0,"parent":0,"menu_order":0,"comment_status":"closed","ping_status":"closed","template":"","meta":{"_mc_calendar":[],"footnotes":""},"class_list":["post-1261","page","type-page","status-publish","hentry"],"_links":{"self":[{"href":"https:\/\/tennisclub86-ovenhausen.lima-city.de\/index.php?rest_route=\/wp\/v2\/pages\/1261","targetHints":{"allow":["GET"]}}],"collection":[{"href":"https:\/\/tennisclub86-ovenhausen.lima-city.de\/index.php?rest_route=\/wp\/v2\/pages"}],"about":[{"href":"https:\/\/tennisclub86-ovenhausen.lima-city.de\/index.php?rest_route=\/wp\/v2\/types\/page"}],"author":[{"embeddable":true,"href":"https:\/\/tennisclub86-ovenhausen.lima-city.de\/index.php?rest_route=\/wp\/v2\/users\/1"}],"replies":[{"embeddable":true,"href":"https:\/\/tennisclub86-ovenhausen.lima-city.de\/index.php?rest_route=%2Fwp%2Fv2%2Fcomments&post=1261"}],"version-history":[{"count":15,"href":"https:\/\/tennisclub86-ovenhausen.lima-city.de\/index.php?rest_route=\/wp\/v2\/pages\/1261\/revisions"}],"predecessor-version":[{"id":1373,"href":"https:\/\/tennisclub86-ovenhausen.lima-city.de\/index.php?rest_route=\/wp\/v2\/pages\/1261\/revisions\/1373"}],"wp:attachment":[{"href":"https:\/\/tennisclub86-ovenhausen.lima-city.de\/index.php?rest_route=%2Fwp%2Fv2%2Fmedia&parent=1261"}],"curies":[{"name":"wp","href":"https:\/\/api.w.org\/{rel}","templated":true}]}}