{"id":1288,"date":"2017-11-05T22:42:52","date_gmt":"2017-11-05T21:42:52","guid":{"rendered":"http:\/\/tennisclub86-ovenhausen.lima-city.de\/?page_id=1288"},"modified":"2018-06-04T21:49:16","modified_gmt":"2018-06-04T19:49:16","slug":"spiel-und-platzordnung","status":"publish","type":"page","link":"https:\/\/tennisclub86-ovenhausen.lima-city.de\/?page_id=1288","title":{"rendered":"Spiel-und Platzordnung"},"content":{"rendered":"<p>Hier k\u00f6nnen Sie sich die Spiel- und Platzordnung des Tennisclub \u00b486 Ovenhausen anschauen, ausdrucken oder herunterladen \u00fcber den Pfeil oben rechts im schwarzen Fenster.<\/p>\n<p>Ebenfalls k\u00f6nnen Sie die Spiel- und Platzordnung in gro\u00df anschauen auf einer neuen Seite \u00fcber folgenden Link: <strong><a href=\"https:\/\/tennisclub86-ovenhausen.lima-city.de\/wp-content\/uploads\/2017\/11\/TC86-Ovenhausen-Spiel-und-Platzordnung-2.pdf\" target=\"_blank\" rel=\"noopener\">Spiel- und Platzordnung TC86 Ovenhausen<\/a><\/strong><\/p>\n<p>[pdf-embedder url=&#8220;https:\/\/tennisclub86-ovenhausen.lima-city.de\/wp-content\/uploads\/2017\/11\/TC86-Ovenhausen-Spiel-und-Platzordnung-2.pdf&#8220; title=&#8220;TC86 Ovenhausen Spiel- und Platzordnung&#8220;]<\/p>\n","protected":false},"excerpt":{"rendered":"<p>Hier k\u00f6nnen Sie sich die Spiel- und Platzordnung des Tennisclub \u00b486 Ovenhausen anschauen, ausdrucken oder herunterladen \u00fcber den Pfeil oben rechts im schwarzen Fenster. Ebenfalls k\u00f6nnen Sie die Spiel- und Platzordnung in gro\u00df anschauen auf einer neuen Seite \u00fcber folgenden&hellip; <\/p>\n","protected":false},"author":1,"featured_media":0,"parent":67,"menu_order":0,"comment_status":"closed","ping_status":"closed","template":"","meta":{"_mc_calendar":[],"footnotes":""},"class_list":["post-1288","page","type-page","status-publish","hentry"],"_links":{"self":[{"href":"https:\/\/tennisclub86-ovenhausen.lima-city.de\/index.php?rest_route=\/wp\/v2\/pages\/1288","targetHints":{"allow":["GET"]}}],"collection":[{"href":"https:\/\/tennisclub86-ovenhausen.lima-city.de\/index.php?rest_route=\/wp\/v2\/pages"}],"about":[{"href":"https:\/\/tennisclub86-ovenhausen.lima-city.de\/index.php?rest_route=\/wp\/v2\/types\/page"}],"author":[{"embeddable":true,"href":"https:\/\/tennisclub86-ovenhausen.lima-city.de\/index.php?rest_route=\/wp\/v2\/users\/1"}],"replies":[{"embeddable":true,"href":"https:\/\/tennisclub86-ovenhausen.lima-city.de\/index.php?rest_route=%2Fwp%2Fv2%2Fcomments&post=1288"}],"version-history":[{"count":7,"href":"https:\/\/tennisclub86-ovenhausen.lima-city.de\/index.php?rest_route=\/wp\/v2\/pages\/1288\/revisions"}],"predecessor-version":[{"id":1503,"href":"https:\/\/tennisclub86-ovenhausen.lima-city.de\/index.php?rest_route=\/wp\/v2\/pages\/1288\/revisions\/1503"}],"up":[{"embeddable":true,"href":"https:\/\/tennisclub86-ovenhausen.lima-city.de\/index.php?rest_route=\/wp\/v2\/pages\/67"}],"wp:attachment":[{"href":"https:\/\/tennisclub86-ovenhausen.lima-city.de\/index.php?rest_route=%2Fwp%2Fv2%2Fmedia&parent=1288"}],"curies":[{"name":"wp","href":"https:\/\/api.w.org\/{rel}","templated":true}]}}