{"id":1622,"date":"2019-05-28T08:45:01","date_gmt":"2019-05-28T06:45:01","guid":{"rendered":"http:\/\/tennisclub86-ovenhausen.lima-city.de\/?page_id=1622"},"modified":"2019-05-28T08:46:13","modified_gmt":"2019-05-28T06:46:13","slug":"2019-2","status":"publish","type":"page","link":"https:\/\/tennisclub86-ovenhausen.lima-city.de\/?page_id=1622","title":{"rendered":"2019"},"content":{"rendered":"\n<p>Am Sonntag, den 05.05.2019 um 13:00Uhr fand das Schleifchenturnier \ndes TC\u00b486 Ovenhausen auf der Tennisanlage in Ovenhausen statt. Bei \ntrockenem Wetter und etwas k\u00fchleren Temperaturen konnten wir auf dem \nbestens hergerichteten Platz das Schleifchenturnier 2019 ausspielen.<\/p>\n\n\n\n<p>Hierbei werden die Partien ausgelost und Tennis- Doppel gespielt. Bei\n einem Sieg nach 15min Spielzeit bekommen die beiden Sieger des Tennis- \nDoppel ein Schleifchen. Wer am Ende des Turniers die meisten Schleifchen\n \/ Punkte gesammelt hat wird Turniersieger.<\/p>\n\n\n\n<p>Insgesamt nahmen 9 Spieler in diesem Jahr am Schleifchenturnier teil.\n Auf der Tennisanlage waren \u00fcber den Veranstaltungszeitraum ca. 20 \nMitglieder anwesend. Hierf\u00fcr einen gro\u00dfen Dank an alle Teilnehmer der \nVeranstaltung.<\/p>\n\n\n\n<figure class=\"wp-block-image\"><img loading=\"lazy\" decoding=\"async\" width=\"1024\" height=\"497\" src=\"https:\/\/tennisclub86-ovenhausen.lima-city.de\/wp-content\/uploads\/2019\/05\/IMG-20190505-WA0018-1024x497.jpg\" alt=\"\" class=\"wp-image-1603\" srcset=\"https:\/\/tennisclub86-ovenhausen.lima-city.de\/wp-content\/uploads\/2019\/05\/IMG-20190505-WA0018-1024x497.jpg 1024w, https:\/\/tennisclub86-ovenhausen.lima-city.de\/wp-content\/uploads\/2019\/05\/IMG-20190505-WA0018-290x141.jpg 290w, https:\/\/tennisclub86-ovenhausen.lima-city.de\/wp-content\/uploads\/2019\/05\/IMG-20190505-WA0018-768x373.jpg 768w, https:\/\/tennisclub86-ovenhausen.lima-city.de\/wp-content\/uploads\/2019\/05\/IMG-20190505-WA0018.jpg 1920w\" sizes=\"auto, (max-width: 1024px) 100vw, 1024px\" \/><\/figure>\n\n\n\n<p>\nW\u00e4hrend der Veranstaltung gab es Kaffee und Kuchen, k\u00fchle Getr\u00e4nke und \nzum Abschluss wurden W\u00fcrstchen und Lummersteak gegrillt. Nette Gespr\u00e4che\n und eine tolle Stimmung rundeten den Saisonstart ab.\n\n<\/p>\n\n\n\n<figure class=\"wp-block-image\"><img loading=\"lazy\" decoding=\"async\" width=\"1024\" height=\"576\" src=\"https:\/\/tennisclub86-ovenhausen.lima-city.de\/wp-content\/uploads\/2019\/05\/20190505_125313-1024x576.jpg\" alt=\"\" class=\"wp-image-1604\" srcset=\"https:\/\/tennisclub86-ovenhausen.lima-city.de\/wp-content\/uploads\/2019\/05\/20190505_125313-1024x576.jpg 1024w, https:\/\/tennisclub86-ovenhausen.lima-city.de\/wp-content\/uploads\/2019\/05\/20190505_125313-290x163.jpg 290w, https:\/\/tennisclub86-ovenhausen.lima-city.de\/wp-content\/uploads\/2019\/05\/20190505_125313-768x432.jpg 768w, https:\/\/tennisclub86-ovenhausen.lima-city.de\/wp-content\/uploads\/2019\/05\/20190505_125313.jpg 1920w\" sizes=\"auto, (max-width: 1024px) 100vw, 1024px\" \/><\/figure>\n\n\n\n<p><strong>Das Schleifchenturnier gewann in diesem Jahr Andr\u00e9 Meyer.<\/strong><\/p>\n\n\n\n<p><em><strong>Platz 1 Andr\u00e9 Meyer<\/strong><\/em> mit 6 Schleifchen aus 6 Spielen und 18 Punkten.<br><em><strong>Platz 2 Elmar Derwig<\/strong><\/em> mit 3 Schleifchen aus 5 Spielen und 16 Punken.<br><em><strong>Platz 3 Alfons Kleine<\/strong><\/em> mit 3 Schleifchen aus 5 Spielen und 11 Punken.<\/p>\n\n\n\n<figure class=\"wp-block-image\"><img loading=\"lazy\" decoding=\"async\" width=\"671\" height=\"1024\" src=\"https:\/\/tennisclub86-ovenhausen.lima-city.de\/wp-content\/uploads\/2019\/05\/Unbenannt-2-671x1024.jpg\" alt=\"\" class=\"wp-image-1606\" srcset=\"https:\/\/tennisclub86-ovenhausen.lima-city.de\/wp-content\/uploads\/2019\/05\/Unbenannt-2-671x1024.jpg 671w, https:\/\/tennisclub86-ovenhausen.lima-city.de\/wp-content\/uploads\/2019\/05\/Unbenannt-2-190x290.jpg 190w, https:\/\/tennisclub86-ovenhausen.lima-city.de\/wp-content\/uploads\/2019\/05\/Unbenannt-2-768x1172.jpg 768w, https:\/\/tennisclub86-ovenhausen.lima-city.de\/wp-content\/uploads\/2019\/05\/Unbenannt-2.jpg 1258w\" sizes=\"auto, (max-width: 671px) 100vw, 671px\" \/><\/figure>\n\n\n\n<p>\nEine \u00dcbersicht der Partien und Platzierungen findet ihr auf der Homepage\n unter dem Unterpunkt Turniere\/Schleifchenturnier im Men\u00fc. Die Bilder \nwerden in K\u00fcrze in der Bildergalerie eingestellt. Hier noch einige \nImpressionen\u2026.\n\n<\/p>\n\n\n\n<figure class=\"wp-block-image\"><img loading=\"lazy\" decoding=\"async\" width=\"1024\" height=\"576\" src=\"https:\/\/tennisclub86-ovenhausen.lima-city.de\/wp-content\/uploads\/2019\/05\/20190505_150529-1024x576.jpg\" alt=\"\" class=\"wp-image-1612\" srcset=\"https:\/\/tennisclub86-ovenhausen.lima-city.de\/wp-content\/uploads\/2019\/05\/20190505_150529-1024x576.jpg 1024w, https:\/\/tennisclub86-ovenhausen.lima-city.de\/wp-content\/uploads\/2019\/05\/20190505_150529-290x163.jpg 290w, https:\/\/tennisclub86-ovenhausen.lima-city.de\/wp-content\/uploads\/2019\/05\/20190505_150529-768x432.jpg 768w, https:\/\/tennisclub86-ovenhausen.lima-city.de\/wp-content\/uploads\/2019\/05\/20190505_150529.jpg 1920w\" sizes=\"auto, (max-width: 1024px) 100vw, 1024px\" \/><\/figure>\n\n\n\n<figure class=\"wp-block-image\"><img loading=\"lazy\" decoding=\"async\" width=\"1024\" height=\"576\" src=\"https:\/\/tennisclub86-ovenhausen.lima-city.de\/wp-content\/uploads\/2019\/05\/20190505_150620-1024x576.jpg\" alt=\"\" class=\"wp-image-1613\" srcset=\"https:\/\/tennisclub86-ovenhausen.lima-city.de\/wp-content\/uploads\/2019\/05\/20190505_150620-1024x576.jpg 1024w, https:\/\/tennisclub86-ovenhausen.lima-city.de\/wp-content\/uploads\/2019\/05\/20190505_150620-290x163.jpg 290w, https:\/\/tennisclub86-ovenhausen.lima-city.de\/wp-content\/uploads\/2019\/05\/20190505_150620-768x432.jpg 768w, https:\/\/tennisclub86-ovenhausen.lima-city.de\/wp-content\/uploads\/2019\/05\/20190505_150620.jpg 1920w\" sizes=\"auto, (max-width: 1024px) 100vw, 1024px\" \/><\/figure>\n\n\n\n<figure class=\"wp-block-image\"><img loading=\"lazy\" decoding=\"async\" width=\"1024\" height=\"576\" src=\"https:\/\/tennisclub86-ovenhausen.lima-city.de\/wp-content\/uploads\/2019\/05\/20190505_150309-1024x576.jpg\" alt=\"\" class=\"wp-image-1614\" srcset=\"https:\/\/tennisclub86-ovenhausen.lima-city.de\/wp-content\/uploads\/2019\/05\/20190505_150309-1024x576.jpg 1024w, https:\/\/tennisclub86-ovenhausen.lima-city.de\/wp-content\/uploads\/2019\/05\/20190505_150309-290x163.jpg 290w, https:\/\/tennisclub86-ovenhausen.lima-city.de\/wp-content\/uploads\/2019\/05\/20190505_150309-768x432.jpg 768w, https:\/\/tennisclub86-ovenhausen.lima-city.de\/wp-content\/uploads\/2019\/05\/20190505_150309.jpg 1920w\" sizes=\"auto, (max-width: 1024px) 100vw, 1024px\" \/><\/figure>\n\n\n\n<p><strong>Spielpartien<\/strong>:<\/p>\n\n\n\n<table class=\"wp-block-table\"><tbody><tr><td>\n  <strong>Spieler\n  1 \/ Team 1<br>\n  <br>\n  <\/strong>\n  <\/td><td>\n  <strong>Spieler\n  2 \/ Team 2<\/strong>\n  <\/td><td>\n  <strong>Ergebnis<\/strong>\n  <\/td><\/tr><tr><td>   Taribo \/ Martin<br><br>       <\/td><td>Alfons \/ Andr\u00e9   <br><\/td><td>\n  <strong>1:3<\/strong>\n  <\/td><\/tr><tr><td>\n  Johannes \/ Andr\u00e9 \n  <\/td><td>\n  Heiner \/ Taribo\n  <\/td><td>\n  <strong>2:1<br>\n  <br>\n  <\/strong><strong><\/strong>\n  <\/td><\/tr><tr><td>\n  Judith \/ Elmar\n  <\/td><td>\n  Alfons \/ Elias\n  <\/td><td>\n  <strong>1:3<br>\n  <br>\n  <\/strong><strong><\/strong>\n  <\/td><\/tr><tr><td>\n  Andr\u00e9 \/ Taribo\n  <\/td><td>\n  Heiner \/ Martin\n  <\/td><td>\n  <strong>3:2<br>\n  <br>\n  <\/strong><strong><\/strong>\n  <\/td><\/tr><tr><td>\n  Alfons \/ Taribo\n  <\/td><td>\n  Elias \/ Elmar\n  <\/td><td>\n  <strong>1:3<br>\n  <br>\n  <\/strong><strong><\/strong>\n  <\/td><\/tr><tr><td>\n  Johannes \/ Heiner\n  <\/td><td>\n  Martin \/ Judith\n  <\/td><td>\n  <strong>1:3<br>\n  <br>\n  <\/strong><strong><\/strong>\n  <\/td><\/tr><tr><td>\n  Elmar \/ Johannes\n  <\/td><td>\n  Judith \/ Heiner\n  <\/td><td>\n  <strong>5:1<br>\n  <br>\n  <\/strong><strong><\/strong>\n  <\/td><\/tr><tr><td>\n  Andr\u00e9 \/ Martin\n  <\/td><td>\n  Taribo \/ Elias\n  <\/td><td>\n  <strong>4:2<br>\n  <br>\n  <\/strong><strong><\/strong>\n  <\/td><\/tr><tr><td>\n  Elias \/ Johannes\n  <\/td><td>\n  Judith \/ Alfons\n  <\/td><td>\n  <strong>1:2<br>\n  <br>\n  <\/strong><strong><\/strong>\n  <\/td><\/tr><tr><td>\n  Andr\u00e9 \/ Heiner\n  <\/td><td>\n  Martin \/ Elmar\n  <\/td><td>\n  <strong>3:2<br>\n  <br>\n  <\/strong><strong><\/strong>\n  <\/td><\/tr><tr><td>\n  Alfons \/ Elias\n  <\/td><td>\n  Judith \/ Andr\u00e9\n  <\/td><td>\n  <strong>2:3<br>\n  <br>\n  <\/strong><strong><\/strong>\n  <\/td><\/tr><tr><td>\n  Elmar \/ Heiner\n  <\/td><td>\n  Taribo \/ Johannes\n  <\/td><td>\n  <strong>3:1<br>\n  <br>\n  <\/strong><strong><\/strong>\n  <\/td><\/tr><\/tbody><\/table>\n\n\n\n<p><strong>Platzierungen \/ Auswertung:<\/strong><\/p>\n\n\n\n<table class=\"wp-block-table\"><tbody><tr><td>\n  <strong>Name<\/strong>\n  <\/td><td>\n  <strong>Spiele<\/strong>\n  <\/td><td>\n  <strong>Punkte <\/strong>\n  <\/td><td>\n  <strong>Siege<\/strong>\n  <\/td><\/tr><tr><td>\n  Andr\u00e9 Meyer\n  <\/td><td>\n  6\n  <\/td><td>\n  18\n  <\/td><td>\n  6\n  <\/td><\/tr><tr><td>\n  Elmar Derwig\n  <\/td><td>\n  5\n  <\/td><td>\n  16\n  <\/td><td>\n  3\n  <\/td><\/tr><tr><td>\n  Alfons Kleine\n  <\/td><td>\n  5\n  <\/td><td>\n  11\n  <\/td><td>\n  3\n  <\/td><\/tr><tr><td>\n  Judith Wilczek\n  <\/td><td>\n  5\n  <\/td><td>\n  10\n  <\/td><td>\n  3\n  <\/td><\/tr><tr><td>\n  Martin Zimmermann\n  <\/td><td>\n  5\n  <\/td><td>\n  12\n  <\/td><td>\n  2\n  <\/td><\/tr><tr><td>\n  Elias Derwig\n  <\/td><td>\n  5\n  <\/td><td>\n  11\n  <\/td><td>\n  2\n  <\/td><\/tr><tr><td>\n  Heiner Kleine\n  <\/td><td>\n  6\n  <\/td><td>\n  11\n  <\/td><td>\n  2\n  <\/td><\/tr><tr><td>\n  Johannes Werdehausen\n  <\/td><td>\n  5\n  <\/td><td>\n  10\n  <\/td><td>\n  2\n  <\/td><\/tr><tr><td>\n  Taribo T\u00f6nnes\n  <\/td><td>\n  6\n  <\/td><td>\n  11\n  <\/td><td>\n  1\n  <\/td><\/tr><\/tbody><\/table>\n","protected":false},"excerpt":{"rendered":"<p>Am Sonntag, den 05.05.2019 um 13:00Uhr fand das Schleifchenturnier des TC\u00b486 Ovenhausen auf der Tennisanlage in Ovenhausen statt. Bei trockenem Wetter und etwas k\u00fchleren Temperaturen konnten wir auf dem bestens hergerichteten Platz das Schleifchenturnier 2019 ausspielen. Hierbei werden die Partien&hellip; <\/p>\n","protected":false},"author":1,"featured_media":0,"parent":0,"menu_order":0,"comment_status":"closed","ping_status":"closed","template":"","meta":{"_mc_calendar":[],"footnotes":""},"class_list":["post-1622","page","type-page","status-publish","hentry"],"_links":{"self":[{"href":"https:\/\/tennisclub86-ovenhausen.lima-city.de\/index.php?rest_route=\/wp\/v2\/pages\/1622","targetHints":{"allow":["GET"]}}],"collection":[{"href":"https:\/\/tennisclub86-ovenhausen.lima-city.de\/index.php?rest_route=\/wp\/v2\/pages"}],"about":[{"href":"https:\/\/tennisclub86-ovenhausen.lima-city.de\/index.php?rest_route=\/wp\/v2\/types\/page"}],"author":[{"embeddable":true,"href":"https:\/\/tennisclub86-ovenhausen.lima-city.de\/index.php?rest_route=\/wp\/v2\/users\/1"}],"replies":[{"embeddable":true,"href":"https:\/\/tennisclub86-ovenhausen.lima-city.de\/index.php?rest_route=%2Fwp%2Fv2%2Fcomments&post=1622"}],"version-history":[{"count":4,"href":"https:\/\/tennisclub86-ovenhausen.lima-city.de\/index.php?rest_route=\/wp\/v2\/pages\/1622\/revisions"}],"predecessor-version":[{"id":1626,"href":"https:\/\/tennisclub86-ovenhausen.lima-city.de\/index.php?rest_route=\/wp\/v2\/pages\/1622\/revisions\/1626"}],"wp:attachment":[{"href":"https:\/\/tennisclub86-ovenhausen.lima-city.de\/index.php?rest_route=%2Fwp%2Fv2%2Fmedia&parent=1622"}],"curies":[{"name":"wp","href":"https:\/\/api.w.org\/{rel}","templated":true}]}}