{"id":22,"date":"2015-04-14T00:08:50","date_gmt":"2015-04-13T22:08:50","guid":{"rendered":"http:\/\/tennisclub86-ovenhausen.lima-city.de\/?page_id=22"},"modified":"2015-04-14T11:56:41","modified_gmt":"2015-04-14T09:56:41","slug":"preise-beitraege","status":"publish","type":"page","link":"https:\/\/tennisclub86-ovenhausen.lima-city.de\/?page_id=22","title":{"rendered":"Preise"},"content":{"rendered":"<p><strong>Schnupperbeitr\u00e4ge f\u00fcr <span style=\"text-decoration: underline;\"><span style=\"color: #ff0000; text-decoration: underline;\">neue Mitglieder<\/span><\/span>: ( 1 Saison g\u00fcltig )<\/strong><\/p>\n<table>\n<tbody>\n<tr>\n<td width=\"196\">Vom 14. bis 20. Lebensjahr:<br \/>\nAb dem 21. Lebensjahr:<br \/>\nEinzelperson mit Kindern:<br \/>\nEhepaare:<br \/>\nEhepaare mit Kindern:<\/td>\n<td width=\"76\">25 Euro<br \/>\n45 Euro<br \/>\n50 Euro<br \/>\n65 Euro<br \/>\n70 Euro<\/td>\n<\/tr>\n<\/tbody>\n<\/table>\n<p><strong><br \/>\nJahresbeitr\u00e4ge f\u00fcr Mitglieder:<\/strong><\/p>\n<table>\n<tbody>\n<tr>\n<td width=\"196\">Bis zum 14. Lebensjahr:<br \/>\nVom 14. bis 20. Lebensjahr:<br \/>\nAb dem 21. Lebensjahr:<br \/>\nEinzelperson mit Kindern:<br \/>\nEhepaare:<br \/>\nEhepaare mit Kindern:<\/td>\n<td width=\"76\">15 Euro<br \/>\n45 Euro<br \/>\n90 Euro<br \/>\n100 Euro<br \/>\n125 Euro<br \/>\n140 Euro<\/td>\n<\/tr>\n<\/tbody>\n<\/table>\n","protected":false},"excerpt":{"rendered":"<p>Schnupperbeitr\u00e4ge f\u00fcr neue Mitglieder: ( 1 Saison g\u00fcltig ) Vom 14. bis 20. Lebensjahr: Ab dem 21. Lebensjahr: Einzelperson mit Kindern: Ehepaare: Ehepaare mit Kindern: 25 Euro 45 Euro 50 Euro 65 Euro 70 Euro Jahresbeitr\u00e4ge f\u00fcr Mitglieder: Bis zum&hellip; <\/p>\n","protected":false},"author":1,"featured_media":0,"parent":67,"menu_order":0,"comment_status":"closed","ping_status":"closed","template":"","meta":{"_mc_calendar":[],"footnotes":""},"class_list":["post-22","page","type-page","status-publish","hentry"],"_links":{"self":[{"href":"https:\/\/tennisclub86-ovenhausen.lima-city.de\/index.php?rest_route=\/wp\/v2\/pages\/22","targetHints":{"allow":["GET"]}}],"collection":[{"href":"https:\/\/tennisclub86-ovenhausen.lima-city.de\/index.php?rest_route=\/wp\/v2\/pages"}],"about":[{"href":"https:\/\/tennisclub86-ovenhausen.lima-city.de\/index.php?rest_route=\/wp\/v2\/types\/page"}],"author":[{"embeddable":true,"href":"https:\/\/tennisclub86-ovenhausen.lima-city.de\/index.php?rest_route=\/wp\/v2\/users\/1"}],"replies":[{"embeddable":true,"href":"https:\/\/tennisclub86-ovenhausen.lima-city.de\/index.php?rest_route=%2Fwp%2Fv2%2Fcomments&post=22"}],"version-history":[{"count":6,"href":"https:\/\/tennisclub86-ovenhausen.lima-city.de\/index.php?rest_route=\/wp\/v2\/pages\/22\/revisions"}],"predecessor-version":[{"id":101,"href":"https:\/\/tennisclub86-ovenhausen.lima-city.de\/index.php?rest_route=\/wp\/v2\/pages\/22\/revisions\/101"}],"up":[{"embeddable":true,"href":"https:\/\/tennisclub86-ovenhausen.lima-city.de\/index.php?rest_route=\/wp\/v2\/pages\/67"}],"wp:attachment":[{"href":"https:\/\/tennisclub86-ovenhausen.lima-city.de\/index.php?rest_route=%2Fwp%2Fv2%2Fmedia&parent=22"}],"curies":[{"name":"wp","href":"https:\/\/api.w.org\/{rel}","templated":true}]}}