{"id":287,"date":"2015-10-08T14:29:04","date_gmt":"2015-10-08T12:29:04","guid":{"rendered":"http:\/\/tennisclub86-ovenhausen.lima-city.de\/?page_id=287"},"modified":"2022-05-10T22:39:18","modified_gmt":"2022-05-10T20:39:18","slug":"mietvertrag-tennisheim","status":"publish","type":"page","link":"https:\/\/tennisclub86-ovenhausen.lima-city.de\/?page_id=287","title":{"rendered":"Mietvertrag Tennisheim"},"content":{"rendered":"<p>Hier k\u00f6nnen Sie sich den Mietvertrag f\u00fcr das Tennisheim anschauen, ausdrucken oder herunterladen \u00fcber den Pfeil oben rechts im schwarzen Fenster.<\/p>\n\n\n<div data-wp-interactive=\"core\/file\" class=\"wp-block-file\"><object data-wp-bind--hidden=\"!state.hasPdfPreview\" hidden class=\"wp-block-file__embed\" data=\"https:\/\/tennisclub86-ovenhausen.lima-city.de\/wp-content\/uploads\/2022\/05\/Vertrag-Vermietung-Tennisheim-1.pdf\" type=\"application\/pdf\" style=\"width:100%;height:600px\" aria-label=\"Einbettung von Einbettung von Vertrag-Vermietung-Tennisheim-1..\"><\/object><a id=\"wp-block-file--media-32f2c07c-6d9c-4439-ab4f-cfeefeed986f\" href=\"https:\/\/tennisclub86-ovenhausen.lima-city.de\/wp-content\/uploads\/2022\/05\/Vertrag-Vermietung-Tennisheim-1.pdf\">Vertrag-Vermietung-Tennisheim-1<\/a><a href=\"https:\/\/tennisclub86-ovenhausen.lima-city.de\/wp-content\/uploads\/2022\/05\/Vertrag-Vermietung-Tennisheim-1.pdf\" class=\"wp-block-file__button\" download aria-describedby=\"wp-block-file--media-32f2c07c-6d9c-4439-ab4f-cfeefeed986f\">Herunterladen<\/a><\/div>\n","protected":false},"excerpt":{"rendered":"<p>Hier k\u00f6nnen Sie sich den Mietvertrag f\u00fcr das Tennisheim anschauen, ausdrucken oder herunterladen \u00fcber den Pfeil oben rechts im schwarzen Fenster.<\/p>\n","protected":false},"author":1,"featured_media":0,"parent":70,"menu_order":0,"comment_status":"closed","ping_status":"closed","template":"","meta":{"_mc_calendar":[],"footnotes":""},"class_list":["post-287","page","type-page","status-publish","hentry"],"_links":{"self":[{"href":"https:\/\/tennisclub86-ovenhausen.lima-city.de\/index.php?rest_route=\/wp\/v2\/pages\/287","targetHints":{"allow":["GET"]}}],"collection":[{"href":"https:\/\/tennisclub86-ovenhausen.lima-city.de\/index.php?rest_route=\/wp\/v2\/pages"}],"about":[{"href":"https:\/\/tennisclub86-ovenhausen.lima-city.de\/index.php?rest_route=\/wp\/v2\/types\/page"}],"author":[{"embeddable":true,"href":"https:\/\/tennisclub86-ovenhausen.lima-city.de\/index.php?rest_route=\/wp\/v2\/users\/1"}],"replies":[{"embeddable":true,"href":"https:\/\/tennisclub86-ovenhausen.lima-city.de\/index.php?rest_route=%2Fwp%2Fv2%2Fcomments&post=287"}],"version-history":[{"count":22,"href":"https:\/\/tennisclub86-ovenhausen.lima-city.de\/index.php?rest_route=\/wp\/v2\/pages\/287\/revisions"}],"predecessor-version":[{"id":1762,"href":"https:\/\/tennisclub86-ovenhausen.lima-city.de\/index.php?rest_route=\/wp\/v2\/pages\/287\/revisions\/1762"}],"up":[{"embeddable":true,"href":"https:\/\/tennisclub86-ovenhausen.lima-city.de\/index.php?rest_route=\/wp\/v2\/pages\/70"}],"wp:attachment":[{"href":"https:\/\/tennisclub86-ovenhausen.lima-city.de\/index.php?rest_route=%2Fwp%2Fv2%2Fmedia&parent=287"}],"curies":[{"name":"wp","href":"https:\/\/api.w.org\/{rel}","templated":true}]}}