{"id":389,"date":"2016-03-15T21:22:10","date_gmt":"2016-03-15T20:22:10","guid":{"rendered":"http:\/\/tennisclub86-ovenhausen.lima-city.de\/?page_id=389"},"modified":"2016-05-06T08:49:33","modified_gmt":"2016-05-06T06:49:33","slug":"2015-2","status":"publish","type":"page","link":"https:\/\/tennisclub86-ovenhausen.lima-city.de\/?page_id=389","title":{"rendered":"2015"},"content":{"rendered":"<p>Mit dem Platzabbau endten die Veriensmeisterschaften 2015. Die meisten Spiele wurden durchgef\u00fchrt. Leider musste die Trennung Damen und Herren wieder aufgehoben werden, da zwei Spielerinnen\/Spieler ausgefallen sind. Durch die Zusammenf\u00fchrung Damen und Herren sind nat\u00fcrlich auch mehr Spiele f\u00fcr alle Teilnehmer entstanden. In diesem Jahr gab es keine Gruppen sondern jeder spielte gegen jeden. Die Spielerin\/der Spieler der die meisten Spiele gewinnt ist der Sieger der Vereinsmeisterschaften. Alle Spiele die laut Spielplan nicht durchgef\u00fchrt wurden, wurden ohne Punktvergabe gewertet. Genug Zeit um die Spiele durchzuspielen war gegeben. Im n\u00e4chsten Jahr werden die Vereinsmeisterschaften anders aufgebaut. In einer Vorstandsversammlung wurde dies schon beschlossen. Die Bekanntgabe wie die Vereinsmeisterschaften im n\u00e4chsten Jahr aufgebaut sind folgt in den kommenden Tagen.<\/p>\n<p><span style=\"text-decoration: underline;\"><strong>Gewinner der diesj\u00e4hrigen Vereinsmeisterschaften<\/strong><\/span> ist somit <span style=\"text-decoration: underline;\"><strong>Martin Kleine<\/strong><\/span> mit insgesamt 6 gewonnenen Spielen. In den Bildern unterhalb dieses Textes kann man sich alle Begegnungen anschauen.<\/p>\n<p><a href=\"https:\/\/tennisclub86-ovenhausen.lima-city.de\/wp-content\/uploads\/2015\/10\/20151.jpg\"><img loading=\"lazy\" decoding=\"async\" class=\"alignnone size-large wp-image-350\" src=\"https:\/\/tennisclub86-ovenhausen.lima-city.de\/wp-content\/uploads\/2015\/10\/20151-1024x531.jpg\" alt=\"20151\" width=\"640\" height=\"332\" srcset=\"https:\/\/tennisclub86-ovenhausen.lima-city.de\/wp-content\/uploads\/2015\/10\/20151-1024x531.jpg 1024w, https:\/\/tennisclub86-ovenhausen.lima-city.de\/wp-content\/uploads\/2015\/10\/20151-300x156.jpg 300w, https:\/\/tennisclub86-ovenhausen.lima-city.de\/wp-content\/uploads\/2015\/10\/20151.jpg 1308w\" sizes=\"auto, (max-width: 640px) 100vw, 640px\" \/><\/a> <a href=\"https:\/\/tennisclub86-ovenhausen.lima-city.de\/wp-content\/uploads\/2015\/10\/20152.jpg\"><img loading=\"lazy\" decoding=\"async\" class=\"alignnone wp-image-351 size-medium\" src=\"https:\/\/tennisclub86-ovenhausen.lima-city.de\/wp-content\/uploads\/2015\/10\/20152-300x208.jpg\" alt=\"20152\" width=\"300\" height=\"208\" srcset=\"https:\/\/tennisclub86-ovenhausen.lima-city.de\/wp-content\/uploads\/2015\/10\/20152-300x208.jpg 300w, https:\/\/tennisclub86-ovenhausen.lima-city.de\/wp-content\/uploads\/2015\/10\/20152.jpg 812w\" sizes=\"auto, (max-width: 300px) 100vw, 300px\" \/><\/a><\/p>\n","protected":false},"excerpt":{"rendered":"<p>Mit dem Platzabbau endten die Veriensmeisterschaften 2015. Die meisten Spiele wurden durchgef\u00fchrt. Leider musste die Trennung Damen und Herren wieder aufgehoben werden, da zwei Spielerinnen\/Spieler ausgefallen sind. Durch die Zusammenf\u00fchrung Damen und Herren sind nat\u00fcrlich auch mehr Spiele f\u00fcr alle&hellip; <\/p>\n","protected":false},"author":1,"featured_media":0,"parent":193,"menu_order":0,"comment_status":"closed","ping_status":"closed","template":"","meta":{"_mc_calendar":[],"footnotes":""},"class_list":["post-389","page","type-page","status-publish","hentry"],"_links":{"self":[{"href":"https:\/\/tennisclub86-ovenhausen.lima-city.de\/index.php?rest_route=\/wp\/v2\/pages\/389","targetHints":{"allow":["GET"]}}],"collection":[{"href":"https:\/\/tennisclub86-ovenhausen.lima-city.de\/index.php?rest_route=\/wp\/v2\/pages"}],"about":[{"href":"https:\/\/tennisclub86-ovenhausen.lima-city.de\/index.php?rest_route=\/wp\/v2\/types\/page"}],"author":[{"embeddable":true,"href":"https:\/\/tennisclub86-ovenhausen.lima-city.de\/index.php?rest_route=\/wp\/v2\/users\/1"}],"replies":[{"embeddable":true,"href":"https:\/\/tennisclub86-ovenhausen.lima-city.de\/index.php?rest_route=%2Fwp%2Fv2%2Fcomments&post=389"}],"version-history":[{"count":3,"href":"https:\/\/tennisclub86-ovenhausen.lima-city.de\/index.php?rest_route=\/wp\/v2\/pages\/389\/revisions"}],"predecessor-version":[{"id":530,"href":"https:\/\/tennisclub86-ovenhausen.lima-city.de\/index.php?rest_route=\/wp\/v2\/pages\/389\/revisions\/530"}],"up":[{"embeddable":true,"href":"https:\/\/tennisclub86-ovenhausen.lima-city.de\/index.php?rest_route=\/wp\/v2\/pages\/193"}],"wp:attachment":[{"href":"https:\/\/tennisclub86-ovenhausen.lima-city.de\/index.php?rest_route=%2Fwp%2Fv2%2Fmedia&parent=389"}],"curies":[{"name":"wp","href":"https:\/\/api.w.org\/{rel}","templated":true}]}}