{"id":42,"date":"2015-04-14T00:14:17","date_gmt":"2015-04-13T22:14:17","guid":{"rendered":"http:\/\/tennisclub86-ovenhausen.lima-city.de\/?page_id=42"},"modified":"2022-05-10T22:22:41","modified_gmt":"2022-05-10T20:22:41","slug":"links","status":"publish","type":"page","link":"https:\/\/tennisclub86-ovenhausen.lima-city.de\/?page_id=42","title":{"rendered":"Links"},"content":{"rendered":"<p>Wenn Sie auf die Internetadresse dr\u00fccken, gelangen Sie auf den dazugeh\u00f6rigen Internetauftritt.<\/p>\n<p><strong>Heimische Vereine:<\/strong><\/p>\n<p><a title=\"Heimat und Sch\u00fctzenverein Ovenhausen\" href=\"http:\/\/www.hsv-ovenhausen.de\" target=\"_blank\" rel=\"noopener\">www.hsv-ovenhausen.de<\/a> -&gt; Heimat und Sch\u00fctzenverein Ovenhausen<a title=\"Blaskapelle Ovenhausen\" href=\"http:\/\/www.blaskapelle-ovenhausen.de\" target=\"_blank\" rel=\"noopener\"><br \/>\nwww.blaskapelle-ovenhausen.de<\/a> -&gt;Blaskapelle Ovenhausen<br \/>\n<a title=\"Elferrat Ovenhausen\" href=\"http:\/\/www.elferrat-ovenhausen.de\" target=\"_blank\" rel=\"noopener\">www.elferrat-ovenhausen.de<\/a> -&gt; Elferrat Ovenhausen<br \/>\n<a title=\"TuS Ovenhausen\" href=\"http:\/\/www.tus-ovenhausen.de\" target=\"_blank\" rel=\"noopener\">www.tus-ovenhausen.de<\/a> -&gt; TuS Ovenhausen 1924 e.V.<br \/>\n<a title=\"Feuerwehr H\u00f6xter L\u00f6schgruppe Ovenhausen\" href=\"http:\/\/feuerwehr-hoexter.de\/einheiten\/ovenhausen.html\" target=\"_blank\" rel=\"noopener\">www.feuerwehr-hoexter.de\/ovenhausen.html<\/a> -&gt; Feuerwehr H\u00f6xter L\u00f6schgruppe Ovenhausen<\/p>\n<p><strong>Tennisbereich:<\/strong><br \/>\n<a title=\"TC 1980 L\u00fcchtringen e.V.\" href=\"http:\/\/www.tc-luechtringen.de\" target=\"_blank\" rel=\"noopener\">www.tc-luechtringen.de<\/a> -&gt; TC 1980 L\u00fcchtringen e.V.<br \/>\n<a title=\"Tennisclub Ottbergen-Bruchhausen\" href=\"http:\/\/tennisclub-ottbergen-bruchhausen.de.tl\" target=\"_blank\" rel=\"noopener\">www.tennisclub-ottbergen-bruchhausen.de.tl<\/a> -&gt; Tennisclub Ottbergen-Bruchhausen e.V.<br \/>\n<a title=\"Tennisverein V\u00f6rden\" href=\"http:\/\/www.svvoerden.de\/Tennis-p79\" target=\"_blank\" rel=\"noopener\">www.svvoerden.de<\/a> -&gt; Tennisverein V\u00f6rden<br \/>\n<a title=\"Tennisverein Rot-Wei\u00df H\u00f6xter\" href=\"http:\/\/www.tennisverein-hoexter.de\/\" target=\"_blank\" rel=\"noopener\">www.tennisverein-hoexter.de<\/a> -&gt; Tennisverein Rot-Wei\u00df H\u00f6xter e.V.<\/p>\n<p><a title=\"MyBigPoint\" href=\"http:\/\/www.mybigpoint.de\/ target=\">www.mybigpoint.de<\/a> -&gt; MyBigPoint<br \/>\n<a title=\"nuLiga\" href=\"http:\/\/wtv.liga.nu\/cgi-bin\/WebObjects\/TennisLeagueWTV.woa\/wa\/championship?championship=WTV+2004\" target=\"_blank\" rel=\"noopener\">http:\/\/wtv.liga.nu<\/a> -&gt; nuLiga<br \/>\n<a title=\"Deutscher Tennis Bund\" href=\"http:\/\/www.dtb-tennis.de\/\" target=\"_blank\" rel=\"noopener\">www.dtb-tennis.de<\/a> -&gt; Deutscher Tennis Bund<\/p>\n","protected":false},"excerpt":{"rendered":"<p>Wenn Sie auf die Internetadresse dr\u00fccken, gelangen Sie auf den dazugeh\u00f6rigen Internetauftritt. Heimische Vereine: www.hsv-ovenhausen.de -&gt; Heimat und Sch\u00fctzenverein Ovenhausen www.blaskapelle-ovenhausen.de -&gt;Blaskapelle Ovenhausen www.elferrat-ovenhausen.de -&gt; Elferrat Ovenhausen www.tus-ovenhausen.de -&gt; TuS Ovenhausen 1924 e.V. www.feuerwehr-hoexter.de\/ovenhausen.html -&gt; Feuerwehr H\u00f6xter L\u00f6schgruppe Ovenhausen Tennisbereich:&hellip; <\/p>\n","protected":false},"author":1,"featured_media":0,"parent":0,"menu_order":0,"comment_status":"closed","ping_status":"closed","template":"","meta":{"_mc_calendar":[],"footnotes":""},"class_list":["post-42","page","type-page","status-publish","hentry"],"_links":{"self":[{"href":"https:\/\/tennisclub86-ovenhausen.lima-city.de\/index.php?rest_route=\/wp\/v2\/pages\/42","targetHints":{"allow":["GET"]}}],"collection":[{"href":"https:\/\/tennisclub86-ovenhausen.lima-city.de\/index.php?rest_route=\/wp\/v2\/pages"}],"about":[{"href":"https:\/\/tennisclub86-ovenhausen.lima-city.de\/index.php?rest_route=\/wp\/v2\/types\/page"}],"author":[{"embeddable":true,"href":"https:\/\/tennisclub86-ovenhausen.lima-city.de\/index.php?rest_route=\/wp\/v2\/users\/1"}],"replies":[{"embeddable":true,"href":"https:\/\/tennisclub86-ovenhausen.lima-city.de\/index.php?rest_route=%2Fwp%2Fv2%2Fcomments&post=42"}],"version-history":[{"count":19,"href":"https:\/\/tennisclub86-ovenhausen.lima-city.de\/index.php?rest_route=\/wp\/v2\/pages\/42\/revisions"}],"predecessor-version":[{"id":1747,"href":"https:\/\/tennisclub86-ovenhausen.lima-city.de\/index.php?rest_route=\/wp\/v2\/pages\/42\/revisions\/1747"}],"wp:attachment":[{"href":"https:\/\/tennisclub86-ovenhausen.lima-city.de\/index.php?rest_route=%2Fwp%2Fv2%2Fmedia&parent=42"}],"curies":[{"name":"wp","href":"https:\/\/api.w.org\/{rel}","templated":true}]}}