{"id":75,"date":"2015-04-14T10:50:06","date_gmt":"2015-04-14T08:50:06","guid":{"rendered":"http:\/\/tennisclub86-ovenhausen.lima-city.de\/?page_id=75"},"modified":"2018-02-17T19:53:13","modified_gmt":"2018-02-17T18:53:13","slug":"tennisplaetze","status":"publish","type":"page","link":"https:\/\/tennisclub86-ovenhausen.lima-city.de\/?page_id=75","title":{"rendered":"Tennisanlage"},"content":{"rendered":"<p>Der Verein verf\u00fcgt \u00fcber 2 Sandpl\u00e4tze. Ein Tennisheim mit einer gro\u00dfen Terasse, welches auch f\u00fcr Veranstaltungen angemietet werden kann und eine H\u00fctte am Platz f\u00fcr das Platzinventar. Informationen zur Vermietung finden Sie unter dem Unterpunkt Vermietung im Men\u00fc. Es folgen hier einige Bilder der Tennisanlage&#8230;.<\/p>\n<p><a href=\"https:\/\/tennisclub86-ovenhausen.lima-city.de\/wp-content\/uploads\/2015\/04\/2-1.jpg\"><img loading=\"lazy\" decoding=\"async\" class=\"alignnone size-large wp-image-970\" src=\"https:\/\/tennisclub86-ovenhausen.lima-city.de\/wp-content\/uploads\/2015\/04\/2-1-1024x590.jpg\" alt=\"\" width=\"700\" height=\"403\" srcset=\"https:\/\/tennisclub86-ovenhausen.lima-city.de\/wp-content\/uploads\/2015\/04\/2-1-1024x590.jpg 1024w, https:\/\/tennisclub86-ovenhausen.lima-city.de\/wp-content\/uploads\/2015\/04\/2-1-290x167.jpg 290w, https:\/\/tennisclub86-ovenhausen.lima-city.de\/wp-content\/uploads\/2015\/04\/2-1-768x443.jpg 768w, https:\/\/tennisclub86-ovenhausen.lima-city.de\/wp-content\/uploads\/2015\/04\/2-1.jpg 1920w\" sizes=\"auto, (max-width: 700px) 100vw, 700px\" \/><\/a><\/p>\n<p><a href=\"https:\/\/tennisclub86-ovenhausen.lima-city.de\/wp-content\/uploads\/2015\/04\/1.jpg\"><img loading=\"lazy\" decoding=\"async\" class=\"alignnone wp-image-179\" src=\"https:\/\/tennisclub86-ovenhausen.lima-city.de\/wp-content\/uploads\/2015\/04\/1-300x199.jpg\" alt=\"1\" width=\"290\" height=\"192\" srcset=\"https:\/\/tennisclub86-ovenhausen.lima-city.de\/wp-content\/uploads\/2015\/04\/1-300x199.jpg 300w, https:\/\/tennisclub86-ovenhausen.lima-city.de\/wp-content\/uploads\/2015\/04\/1.jpg 800w\" sizes=\"auto, (max-width: 290px) 100vw, 290px\" \/> \u00a0 \u00a0<\/a> <a href=\"https:\/\/tennisclub86-ovenhausen.lima-city.de\/wp-content\/uploads\/2015\/04\/21.jpg\"><img loading=\"lazy\" decoding=\"async\" class=\"alignnone wp-image-180\" src=\"https:\/\/tennisclub86-ovenhausen.lima-city.de\/wp-content\/uploads\/2015\/04\/21-300x199.jpg\" alt=\"2\" width=\"290\" height=\"192\" srcset=\"https:\/\/tennisclub86-ovenhausen.lima-city.de\/wp-content\/uploads\/2015\/04\/21-300x199.jpg 300w, https:\/\/tennisclub86-ovenhausen.lima-city.de\/wp-content\/uploads\/2015\/04\/21.jpg 800w\" sizes=\"auto, (max-width: 290px) 100vw, 290px\" \/><\/a><\/p>\n<p><a href=\"https:\/\/tennisclub86-ovenhausen.lima-city.de\/wp-content\/uploads\/2015\/04\/3.jpg\"><img loading=\"lazy\" decoding=\"async\" class=\"alignnone wp-image-181\" src=\"https:\/\/tennisclub86-ovenhausen.lima-city.de\/wp-content\/uploads\/2015\/04\/3-300x199.jpg\" alt=\"3\" width=\"290\" height=\"192\" srcset=\"https:\/\/tennisclub86-ovenhausen.lima-city.de\/wp-content\/uploads\/2015\/04\/3-300x199.jpg 300w, https:\/\/tennisclub86-ovenhausen.lima-city.de\/wp-content\/uploads\/2015\/04\/3.jpg 800w\" sizes=\"auto, (max-width: 290px) 100vw, 290px\" \/> \u00a0 \u00a0<\/a> <a href=\"https:\/\/tennisclub86-ovenhausen.lima-city.de\/wp-content\/uploads\/2015\/04\/4.jpg\"><img loading=\"lazy\" decoding=\"async\" class=\"alignnone wp-image-182\" src=\"https:\/\/tennisclub86-ovenhausen.lima-city.de\/wp-content\/uploads\/2015\/04\/4-300x199.jpg\" alt=\"4\" width=\"290\" height=\"192\" srcset=\"https:\/\/tennisclub86-ovenhausen.lima-city.de\/wp-content\/uploads\/2015\/04\/4-300x199.jpg 300w, https:\/\/tennisclub86-ovenhausen.lima-city.de\/wp-content\/uploads\/2015\/04\/4.jpg 800w\" sizes=\"auto, (max-width: 290px) 100vw, 290px\" \/><\/a><\/p>\n<p><a href=\"https:\/\/tennisclub86-ovenhausen.lima-city.de\/wp-content\/uploads\/2015\/04\/5.jpg\"><img loading=\"lazy\" decoding=\"async\" class=\"alignnone wp-image-183\" src=\"https:\/\/tennisclub86-ovenhausen.lima-city.de\/wp-content\/uploads\/2015\/04\/5-300x199.jpg\" alt=\"5\" width=\"290\" height=\"192\" srcset=\"https:\/\/tennisclub86-ovenhausen.lima-city.de\/wp-content\/uploads\/2015\/04\/5-300x199.jpg 300w, https:\/\/tennisclub86-ovenhausen.lima-city.de\/wp-content\/uploads\/2015\/04\/5.jpg 800w\" sizes=\"auto, (max-width: 290px) 100vw, 290px\" \/><\/a>\u00a0\u00a0\u00a0\u00a0 <a href=\"https:\/\/tennisclub86-ovenhausen.lima-city.de\/wp-content\/uploads\/2015\/04\/6.jpg\"><img loading=\"lazy\" decoding=\"async\" class=\"alignnone wp-image-185\" src=\"https:\/\/tennisclub86-ovenhausen.lima-city.de\/wp-content\/uploads\/2015\/04\/6-300x199.jpg\" alt=\"6\" width=\"290\" height=\"192\" srcset=\"https:\/\/tennisclub86-ovenhausen.lima-city.de\/wp-content\/uploads\/2015\/04\/6-300x199.jpg 300w, https:\/\/tennisclub86-ovenhausen.lima-city.de\/wp-content\/uploads\/2015\/04\/6.jpg 800w\" sizes=\"auto, (max-width: 290px) 100vw, 290px\" \/><\/a><\/p>\n<p><a href=\"https:\/\/tennisclub86-ovenhausen.lima-city.de\/wp-content\/uploads\/2015\/04\/DSC_9882.jpg\"><img loading=\"lazy\" decoding=\"async\" class=\"alignnone size-large wp-image-956\" src=\"https:\/\/tennisclub86-ovenhausen.lima-city.de\/wp-content\/uploads\/2015\/04\/DSC_9882-1024x680.jpg\" alt=\"\" width=\"700\" height=\"465\" srcset=\"https:\/\/tennisclub86-ovenhausen.lima-city.de\/wp-content\/uploads\/2015\/04\/DSC_9882-1024x680.jpg 1024w, https:\/\/tennisclub86-ovenhausen.lima-city.de\/wp-content\/uploads\/2015\/04\/DSC_9882-290x193.jpg 290w, https:\/\/tennisclub86-ovenhausen.lima-city.de\/wp-content\/uploads\/2015\/04\/DSC_9882-768x510.jpg 768w, https:\/\/tennisclub86-ovenhausen.lima-city.de\/wp-content\/uploads\/2015\/04\/DSC_9882.jpg 1920w\" sizes=\"auto, (max-width: 700px) 100vw, 700px\" \/><\/a><\/p>\n<p><a href=\"https:\/\/tennisclub86-ovenhausen.lima-city.de\/wp-content\/uploads\/2015\/04\/DSC_9848.jpg\"><img loading=\"lazy\" decoding=\"async\" class=\"alignnone size-medium wp-image-957\" src=\"https:\/\/tennisclub86-ovenhausen.lima-city.de\/wp-content\/uploads\/2015\/04\/DSC_9848-290x193.jpg\" alt=\"\" width=\"290\" height=\"193\" srcset=\"https:\/\/tennisclub86-ovenhausen.lima-city.de\/wp-content\/uploads\/2015\/04\/DSC_9848-290x193.jpg 290w, https:\/\/tennisclub86-ovenhausen.lima-city.de\/wp-content\/uploads\/2015\/04\/DSC_9848-768x510.jpg 768w, https:\/\/tennisclub86-ovenhausen.lima-city.de\/wp-content\/uploads\/2015\/04\/DSC_9848-1024x680.jpg 1024w, https:\/\/tennisclub86-ovenhausen.lima-city.de\/wp-content\/uploads\/2015\/04\/DSC_9848.jpg 1920w\" sizes=\"auto, (max-width: 290px) 100vw, 290px\" \/><\/a>\u00a0\u00a0\u00a0\u00a0 <a href=\"https:\/\/tennisclub86-ovenhausen.lima-city.de\/wp-content\/uploads\/2015\/04\/DSC_9853.jpg\"><img loading=\"lazy\" decoding=\"async\" class=\"alignnone size-medium wp-image-965\" src=\"https:\/\/tennisclub86-ovenhausen.lima-city.de\/wp-content\/uploads\/2015\/04\/DSC_9853-290x193.jpg\" alt=\"\" width=\"290\" height=\"193\" srcset=\"https:\/\/tennisclub86-ovenhausen.lima-city.de\/wp-content\/uploads\/2015\/04\/DSC_9853-290x193.jpg 290w, https:\/\/tennisclub86-ovenhausen.lima-city.de\/wp-content\/uploads\/2015\/04\/DSC_9853-768x510.jpg 768w, https:\/\/tennisclub86-ovenhausen.lima-city.de\/wp-content\/uploads\/2015\/04\/DSC_9853-1024x680.jpg 1024w, https:\/\/tennisclub86-ovenhausen.lima-city.de\/wp-content\/uploads\/2015\/04\/DSC_9853.jpg 1920w\" sizes=\"auto, (max-width: 290px) 100vw, 290px\" \/><\/a><\/p>\n<p><a href=\"https:\/\/tennisclub86-ovenhausen.lima-city.de\/wp-content\/uploads\/2015\/04\/DSC_9856.jpg\"><img loading=\"lazy\" decoding=\"async\" class=\"alignnone size-medium wp-image-958\" src=\"https:\/\/tennisclub86-ovenhausen.lima-city.de\/wp-content\/uploads\/2015\/04\/DSC_9856-290x193.jpg\" alt=\"\" width=\"290\" height=\"193\" srcset=\"https:\/\/tennisclub86-ovenhausen.lima-city.de\/wp-content\/uploads\/2015\/04\/DSC_9856-290x193.jpg 290w, https:\/\/tennisclub86-ovenhausen.lima-city.de\/wp-content\/uploads\/2015\/04\/DSC_9856-768x510.jpg 768w, https:\/\/tennisclub86-ovenhausen.lima-city.de\/wp-content\/uploads\/2015\/04\/DSC_9856-1024x680.jpg 1024w, https:\/\/tennisclub86-ovenhausen.lima-city.de\/wp-content\/uploads\/2015\/04\/DSC_9856.jpg 1920w\" sizes=\"auto, (max-width: 290px) 100vw, 290px\" \/><\/a>\u00a0\u00a0\u00a0\u00a0 <a href=\"https:\/\/tennisclub86-ovenhausen.lima-city.de\/wp-content\/uploads\/2015\/04\/DSC_9862.jpg\"><img loading=\"lazy\" decoding=\"async\" class=\"alignnone size-medium wp-image-959\" src=\"https:\/\/tennisclub86-ovenhausen.lima-city.de\/wp-content\/uploads\/2015\/04\/DSC_9862-290x193.jpg\" alt=\"\" width=\"290\" height=\"193\" srcset=\"https:\/\/tennisclub86-ovenhausen.lima-city.de\/wp-content\/uploads\/2015\/04\/DSC_9862-290x193.jpg 290w, https:\/\/tennisclub86-ovenhausen.lima-city.de\/wp-content\/uploads\/2015\/04\/DSC_9862-768x510.jpg 768w, https:\/\/tennisclub86-ovenhausen.lima-city.de\/wp-content\/uploads\/2015\/04\/DSC_9862-1024x680.jpg 1024w, https:\/\/tennisclub86-ovenhausen.lima-city.de\/wp-content\/uploads\/2015\/04\/DSC_9862.jpg 1920w\" sizes=\"auto, (max-width: 290px) 100vw, 290px\" \/><\/a><\/p>\n<p><a href=\"https:\/\/tennisclub86-ovenhausen.lima-city.de\/wp-content\/uploads\/2015\/04\/DSC_9875.jpg\"><img loading=\"lazy\" decoding=\"async\" class=\"alignnone size-medium wp-image-960\" src=\"https:\/\/tennisclub86-ovenhausen.lima-city.de\/wp-content\/uploads\/2015\/04\/DSC_9875-290x193.jpg\" alt=\"\" width=\"290\" height=\"193\" srcset=\"https:\/\/tennisclub86-ovenhausen.lima-city.de\/wp-content\/uploads\/2015\/04\/DSC_9875-290x193.jpg 290w, https:\/\/tennisclub86-ovenhausen.lima-city.de\/wp-content\/uploads\/2015\/04\/DSC_9875-768x510.jpg 768w, https:\/\/tennisclub86-ovenhausen.lima-city.de\/wp-content\/uploads\/2015\/04\/DSC_9875-1024x680.jpg 1024w, https:\/\/tennisclub86-ovenhausen.lima-city.de\/wp-content\/uploads\/2015\/04\/DSC_9875.jpg 1920w\" sizes=\"auto, (max-width: 290px) 100vw, 290px\" \/><\/a>\u00a0\u00a0\u00a0\u00a0 <a href=\"https:\/\/tennisclub86-ovenhausen.lima-city.de\/wp-content\/uploads\/2015\/04\/DSC_8409.jpg\"><img loading=\"lazy\" decoding=\"async\" class=\"alignnone size-medium wp-image-217\" src=\"https:\/\/tennisclub86-ovenhausen.lima-city.de\/wp-content\/uploads\/2015\/04\/DSC_8409-300x199.jpg\" alt=\"\" width=\"290\" height=\"192\" srcset=\"https:\/\/tennisclub86-ovenhausen.lima-city.de\/wp-content\/uploads\/2015\/04\/DSC_8409-300x199.jpg 300w, https:\/\/tennisclub86-ovenhausen.lima-city.de\/wp-content\/uploads\/2015\/04\/DSC_8409.jpg 800w\" sizes=\"auto, (max-width: 290px) 100vw, 290px\" \/><\/a><\/p>\n<p><a href=\"https:\/\/tennisclub86-ovenhausen.lima-city.de\/wp-content\/uploads\/2015\/04\/DSC_9863.jpg\"><img loading=\"lazy\" decoding=\"async\" class=\"alignnone size-medium wp-image-961\" src=\"https:\/\/tennisclub86-ovenhausen.lima-city.de\/wp-content\/uploads\/2015\/04\/DSC_9863-193x290.jpg\" alt=\"\" width=\"193\" height=\"290\" srcset=\"https:\/\/tennisclub86-ovenhausen.lima-city.de\/wp-content\/uploads\/2015\/04\/DSC_9863-193x290.jpg 193w, https:\/\/tennisclub86-ovenhausen.lima-city.de\/wp-content\/uploads\/2015\/04\/DSC_9863-768x1157.jpg 768w, https:\/\/tennisclub86-ovenhausen.lima-city.de\/wp-content\/uploads\/2015\/04\/DSC_9863-680x1024.jpg 680w, https:\/\/tennisclub86-ovenhausen.lima-city.de\/wp-content\/uploads\/2015\/04\/DSC_9863.jpg 1275w\" sizes=\"auto, (max-width: 193px) 100vw, 193px\" \/><\/a> \u00a0 <a href=\"https:\/\/tennisclub86-ovenhausen.lima-city.de\/wp-content\/uploads\/2015\/04\/DSC_9865.jpg\"><img loading=\"lazy\" decoding=\"async\" class=\"alignnone size-medium wp-image-962\" src=\"https:\/\/tennisclub86-ovenhausen.lima-city.de\/wp-content\/uploads\/2015\/04\/DSC_9865-193x290.jpg\" alt=\"\" width=\"193\" height=\"290\" srcset=\"https:\/\/tennisclub86-ovenhausen.lima-city.de\/wp-content\/uploads\/2015\/04\/DSC_9865-193x290.jpg 193w, https:\/\/tennisclub86-ovenhausen.lima-city.de\/wp-content\/uploads\/2015\/04\/DSC_9865-768x1157.jpg 768w, https:\/\/tennisclub86-ovenhausen.lima-city.de\/wp-content\/uploads\/2015\/04\/DSC_9865-680x1024.jpg 680w, https:\/\/tennisclub86-ovenhausen.lima-city.de\/wp-content\/uploads\/2015\/04\/DSC_9865.jpg 1275w\" sizes=\"auto, (max-width: 193px) 100vw, 193px\" \/><\/a>\u00a0\u00a0 <a href=\"https:\/\/tennisclub86-ovenhausen.lima-city.de\/wp-content\/uploads\/2015\/04\/DSC_9868.jpg\"><img loading=\"lazy\" decoding=\"async\" class=\"alignnone size-medium wp-image-963\" src=\"https:\/\/tennisclub86-ovenhausen.lima-city.de\/wp-content\/uploads\/2015\/04\/DSC_9868-193x290.jpg\" alt=\"\" width=\"193\" height=\"290\" srcset=\"https:\/\/tennisclub86-ovenhausen.lima-city.de\/wp-content\/uploads\/2015\/04\/DSC_9868-193x290.jpg 193w, https:\/\/tennisclub86-ovenhausen.lima-city.de\/wp-content\/uploads\/2015\/04\/DSC_9868-768x1157.jpg 768w, https:\/\/tennisclub86-ovenhausen.lima-city.de\/wp-content\/uploads\/2015\/04\/DSC_9868-680x1024.jpg 680w, https:\/\/tennisclub86-ovenhausen.lima-city.de\/wp-content\/uploads\/2015\/04\/DSC_9868.jpg 1275w\" sizes=\"auto, (max-width: 193px) 100vw, 193px\" \/><\/a><\/p>\n<p><a href=\"https:\/\/tennisclub86-ovenhausen.lima-city.de\/wp-content\/uploads\/2015\/04\/20161202_120900.jpg\"><img loading=\"lazy\" decoding=\"async\" class=\"alignnone size-large wp-image-971\" src=\"https:\/\/tennisclub86-ovenhausen.lima-city.de\/wp-content\/uploads\/2015\/04\/20161202_120900-1024x576.jpg\" alt=\"\" width=\"700\" height=\"394\" srcset=\"https:\/\/tennisclub86-ovenhausen.lima-city.de\/wp-content\/uploads\/2015\/04\/20161202_120900-1024x576.jpg 1024w, https:\/\/tennisclub86-ovenhausen.lima-city.de\/wp-content\/uploads\/2015\/04\/20161202_120900-290x163.jpg 290w, https:\/\/tennisclub86-ovenhausen.lima-city.de\/wp-content\/uploads\/2015\/04\/20161202_120900-768x432.jpg 768w, https:\/\/tennisclub86-ovenhausen.lima-city.de\/wp-content\/uploads\/2015\/04\/20161202_120900.jpg 1920w\" sizes=\"auto, (max-width: 700px) 100vw, 700px\" \/><\/a><\/p>\n<p>&nbsp;<\/p>\n","protected":false},"excerpt":{"rendered":"<p>Der Verein verf\u00fcgt \u00fcber 2 Sandpl\u00e4tze. Ein Tennisheim mit einer gro\u00dfen Terasse, welches auch f\u00fcr Veranstaltungen angemietet werden kann und eine H\u00fctte am Platz f\u00fcr das Platzinventar. Informationen zur Vermietung finden Sie unter dem Unterpunkt Vermietung im Men\u00fc. Es folgen&hellip; <\/p>\n","protected":false},"author":1,"featured_media":0,"parent":70,"menu_order":0,"comment_status":"closed","ping_status":"closed","template":"","meta":{"_mc_calendar":[],"footnotes":""},"class_list":["post-75","page","type-page","status-publish","hentry"],"_links":{"self":[{"href":"https:\/\/tennisclub86-ovenhausen.lima-city.de\/index.php?rest_route=\/wp\/v2\/pages\/75","targetHints":{"allow":["GET"]}}],"collection":[{"href":"https:\/\/tennisclub86-ovenhausen.lima-city.de\/index.php?rest_route=\/wp\/v2\/pages"}],"about":[{"href":"https:\/\/tennisclub86-ovenhausen.lima-city.de\/index.php?rest_route=\/wp\/v2\/types\/page"}],"author":[{"embeddable":true,"href":"https:\/\/tennisclub86-ovenhausen.lima-city.de\/index.php?rest_route=\/wp\/v2\/users\/1"}],"replies":[{"embeddable":true,"href":"https:\/\/tennisclub86-ovenhausen.lima-city.de\/index.php?rest_route=%2Fwp%2Fv2%2Fcomments&post=75"}],"version-history":[{"count":13,"href":"https:\/\/tennisclub86-ovenhausen.lima-city.de\/index.php?rest_route=\/wp\/v2\/pages\/75\/revisions"}],"predecessor-version":[{"id":1399,"href":"https:\/\/tennisclub86-ovenhausen.lima-city.de\/index.php?rest_route=\/wp\/v2\/pages\/75\/revisions\/1399"}],"up":[{"embeddable":true,"href":"https:\/\/tennisclub86-ovenhausen.lima-city.de\/index.php?rest_route=\/wp\/v2\/pages\/70"}],"wp:attachment":[{"href":"https:\/\/tennisclub86-ovenhausen.lima-city.de\/index.php?rest_route=%2Fwp%2Fv2%2Fmedia&parent=75"}],"curies":[{"name":"wp","href":"https:\/\/api.w.org\/{rel}","templated":true}]}}