{"id":81,"date":"2015-04-14T11:01:30","date_gmt":"2015-04-14T09:01:30","guid":{"rendered":"http:\/\/tennisclub86-ovenhausen.lima-city.de\/?page_id=81"},"modified":"2022-05-10T22:29:08","modified_gmt":"2022-05-10T20:29:08","slug":"sponsoren","status":"publish","type":"page","link":"https:\/\/tennisclub86-ovenhausen.lima-city.de\/?page_id=81","title":{"rendered":"Sponsoren"},"content":{"rendered":"<p><span style=\"color: #ff0000;\"><strong>(<\/strong>Klicken Sie auf das Logo des Sponsors, um auf dessen Internetauftritt zu gelangen)<br \/>\n<\/span><\/p>\n<table>\n<tbody>\n<tr>\n<td width=\"307\"><a href=\"http:\/\/calamistra-hx.de\/\" target=\"blank\" rel=\"noopener\"><img loading=\"lazy\" decoding=\"async\" class=\"alignnone wp-image-736 size-medium\" src=\"https:\/\/tennisclub86-ovenhausen.lima-city.de\/wp-content\/uploads\/2015\/04\/Calamistra-300x212.jpg\" width=\"290\" height=\"205\" srcset=\"https:\/\/tennisclub86-ovenhausen.lima-city.de\/wp-content\/uploads\/2015\/04\/Calamistra-300x212.jpg 300w, https:\/\/tennisclub86-ovenhausen.lima-city.de\/wp-content\/uploads\/2015\/04\/Calamistra-768x542.jpg 768w, https:\/\/tennisclub86-ovenhausen.lima-city.de\/wp-content\/uploads\/2015\/04\/Calamistra.jpg 848w\" sizes=\"auto, (max-width: 290px) 100vw, 290px\" \/><\/a><\/td>\n<td width=\"307\">\n<h3 id=\"u1353-2\"><strong><span id=\"u1353\" class=\"h1\">Calamistra<\/span><\/strong><\/h3>\n<p><strong><span id=\"u1353\" class=\"h1\">Make-Up und Hairstyling<\/span><\/strong><\/p>\n<p><span id=\"u1353-6\" class=\"h1\">Kerstin G\u00f6deke<br \/>\nFriseurmeisterin &amp; Dipl.-Kosmetikerin<\/span><br \/>\nBosseborner Stra\u00dfe 27<br \/>\n37671 H\u00f6xter &#8211; Ovenhausen<br \/>\nTelefon: 05278 &#8211; 952650<br \/>\nMobil: 0151 &#8211; 11617519<\/td>\n<\/tr>\n<\/tbody>\n<\/table>\n<p style=\"text-align: center;\"><strong>Hier k\u00f6nnte auch Ihre Werbung stehen!<br \/>\n<\/strong>Kontakt: Andr\u00e9 Meyer, Flurstra\u00dfe 9, 37671 H\u00f6xter- Ovenhausen<br \/>\n0172\/5796454, andre.meyer@online.de<\/p>\n","protected":false},"excerpt":{"rendered":"<p>(Klicken Sie auf das Logo des Sponsors, um auf dessen Internetauftritt zu gelangen) Calamistra Make-Up und Hairstyling Kerstin G\u00f6deke Friseurmeisterin &amp; Dipl.-Kosmetikerin Bosseborner Stra\u00dfe 27 37671 H\u00f6xter &#8211; Ovenhausen Telefon: 05278 &#8211; 952650 Mobil: 0151 &#8211; 11617519 Hier k\u00f6nnte auch&hellip; <\/p>\n","protected":false},"author":1,"featured_media":0,"parent":67,"menu_order":0,"comment_status":"closed","ping_status":"closed","template":"","meta":{"_mc_calendar":[],"footnotes":""},"class_list":["post-81","page","type-page","status-publish","hentry"],"_links":{"self":[{"href":"https:\/\/tennisclub86-ovenhausen.lima-city.de\/index.php?rest_route=\/wp\/v2\/pages\/81","targetHints":{"allow":["GET"]}}],"collection":[{"href":"https:\/\/tennisclub86-ovenhausen.lima-city.de\/index.php?rest_route=\/wp\/v2\/pages"}],"about":[{"href":"https:\/\/tennisclub86-ovenhausen.lima-city.de\/index.php?rest_route=\/wp\/v2\/types\/page"}],"author":[{"embeddable":true,"href":"https:\/\/tennisclub86-ovenhausen.lima-city.de\/index.php?rest_route=\/wp\/v2\/users\/1"}],"replies":[{"embeddable":true,"href":"https:\/\/tennisclub86-ovenhausen.lima-city.de\/index.php?rest_route=%2Fwp%2Fv2%2Fcomments&post=81"}],"version-history":[{"count":6,"href":"https:\/\/tennisclub86-ovenhausen.lima-city.de\/index.php?rest_route=\/wp\/v2\/pages\/81\/revisions"}],"predecessor-version":[{"id":1756,"href":"https:\/\/tennisclub86-ovenhausen.lima-city.de\/index.php?rest_route=\/wp\/v2\/pages\/81\/revisions\/1756"}],"up":[{"embeddable":true,"href":"https:\/\/tennisclub86-ovenhausen.lima-city.de\/index.php?rest_route=\/wp\/v2\/pages\/67"}],"wp:attachment":[{"href":"https:\/\/tennisclub86-ovenhausen.lima-city.de\/index.php?rest_route=%2Fwp%2Fv2%2Fmedia&parent=81"}],"curies":[{"name":"wp","href":"https:\/\/api.w.org\/{rel}","templated":true}]}}