{"id":84,"date":"2015-04-14T11:03:26","date_gmt":"2015-04-14T09:03:26","guid":{"rendered":"http:\/\/tennisclub86-ovenhausen.lima-city.de\/?page_id=84"},"modified":"2022-05-11T11:56:37","modified_gmt":"2022-05-11T09:56:37","slug":"ansprechpartner","status":"publish","type":"page","link":"https:\/\/tennisclub86-ovenhausen.lima-city.de\/?page_id=84","title":{"rendered":"Ansprechpartner \/ Vorstand"},"content":{"rendered":"<table>\n<tbody>\n<tr>\n<td width=\"168\"><a href=\"https:\/\/tennisclub86-ovenhausen.lima-city.de\/wp-content\/uploads\/2015\/04\/1-7.jpg\"><img loading=\"lazy\" decoding=\"async\" class=\"alignnone size-medium wp-image-1231\" src=\"https:\/\/tennisclub86-ovenhausen.lima-city.de\/wp-content\/uploads\/2015\/04\/1-7-290x221.jpg\" alt=\"\" width=\"290\" height=\"221\" srcset=\"https:\/\/tennisclub86-ovenhausen.lima-city.de\/wp-content\/uploads\/2015\/04\/1-7-290x221.jpg 290w, https:\/\/tennisclub86-ovenhausen.lima-city.de\/wp-content\/uploads\/2015\/04\/1-7-768x584.jpg 768w, https:\/\/tennisclub86-ovenhausen.lima-city.de\/wp-content\/uploads\/2015\/04\/1-7-1024x779.jpg 1024w, https:\/\/tennisclub86-ovenhausen.lima-city.de\/wp-content\/uploads\/2015\/04\/1-7.jpg 1920w\" sizes=\"auto, (max-width: 290px) 100vw, 290px\" \/><\/a><\/td>\n<td width=\"170\"><span style=\"color: #000000;\"><strong><u>1. Vorsitzender:<\/u><\/strong><\/span><\/p>\n<p><strong><span style=\"color: #000000;\">Pascal Kleine<\/span><\/strong><br \/>\nHauptstra\u00dfe 76<br \/>\n<span style=\"color: #000000;\"> 37671 H\u00f6xter<\/span><br \/>\n<span style=\"color: #000000;\"> 0172 \/2968824<\/span><br \/>\n<span style=\"color: #000000;\"> pascal.kleine@online.de<\/span><strong><br \/>\n<\/strong><\/td>\n<\/tr>\n<tr>\n<td width=\"168\"><a href=\"https:\/\/tennisclub86-ovenhausen.lima-city.de\/wp-content\/uploads\/2015\/04\/5.fw_.jpg\"><img loading=\"lazy\" decoding=\"async\" class=\"alignnone size-medium wp-image-1238\" src=\"https:\/\/tennisclub86-ovenhausen.lima-city.de\/wp-content\/uploads\/2015\/04\/5.fw_-290x221.jpg\" alt=\"\" width=\"290\" height=\"221\" srcset=\"https:\/\/tennisclub86-ovenhausen.lima-city.de\/wp-content\/uploads\/2015\/04\/5.fw_-290x221.jpg 290w, https:\/\/tennisclub86-ovenhausen.lima-city.de\/wp-content\/uploads\/2015\/04\/5.fw_-768x584.jpg 768w, https:\/\/tennisclub86-ovenhausen.lima-city.de\/wp-content\/uploads\/2015\/04\/5.fw_-1024x779.jpg 1024w, https:\/\/tennisclub86-ovenhausen.lima-city.de\/wp-content\/uploads\/2015\/04\/5.fw_.jpg 1920w\" sizes=\"auto, (max-width: 290px) 100vw, 290px\" \/><\/a><\/td>\n<td width=\"170\"><span style=\"color: #000000;\"><strong><u>2. Vorsitzender:<\/u><\/strong><\/span><\/p>\n<p><span style=\"color: #000000;\"><strong>Christopher Schmidt<\/strong><\/span><\/td>\n<\/tr>\n<tr>\n<td width=\"168\"><\/td>\n<td width=\"170\"><strong><span style=\"color: #000000;\"><u>Kassiererin:<\/u><\/span><\/strong><\/p>\n<p><span style=\"color: #000000;\">Judith Wilczek<br \/>\nSteingarten 21<br \/>\n37671 H\u00f6xter<br \/>\n<\/span><span style=\"color: #000000;\">judith.wilczek@gmx.de<\/span><\/td>\n<\/tr>\n<tr>\n<td width=\"168\"><a href=\"https:\/\/tennisclub86-ovenhausen.lima-city.de\/wp-content\/uploads\/2015\/04\/3-3.jpg\"><img loading=\"lazy\" decoding=\"async\" class=\"alignnone size-medium wp-image-1233\" src=\"https:\/\/tennisclub86-ovenhausen.lima-city.de\/wp-content\/uploads\/2015\/04\/3-3-290x221.jpg\" alt=\"\" width=\"290\" height=\"221\" srcset=\"https:\/\/tennisclub86-ovenhausen.lima-city.de\/wp-content\/uploads\/2015\/04\/3-3-290x221.jpg 290w, https:\/\/tennisclub86-ovenhausen.lima-city.de\/wp-content\/uploads\/2015\/04\/3-3-768x584.jpg 768w, https:\/\/tennisclub86-ovenhausen.lima-city.de\/wp-content\/uploads\/2015\/04\/3-3-1024x779.jpg 1024w, https:\/\/tennisclub86-ovenhausen.lima-city.de\/wp-content\/uploads\/2015\/04\/3-3.jpg 1920w\" sizes=\"auto, (max-width: 290px) 100vw, 290px\" \/><\/a><\/td>\n<td width=\"170\"><span style=\"color: #000000;\"><strong><u>Schriftf\u00fchrer:<\/u><\/strong><\/span><\/p>\n<p><span style=\"color: #000000;\"><strong>Alexander Hoppe<\/strong><\/span><br \/>\n<span style=\"color: #000000;\">Lesebreite 1a<\/span><br \/>\n<span style=\"color: #000000;\"> 37671 H\u00f6xter<\/span><br \/>\n<span style=\"color: #000000;\"> alexander.hoppe@online.de<\/span><strong><br \/>\n<\/strong><\/td>\n<\/tr>\n<tr>\n<td width=\"168\"><\/td>\n<td width=\"170\"><span style=\"color: #000000;\"><strong><u>Sport- \/Jugendwart:<\/u><\/strong><\/span><\/p>\n<p><strong><span style=\"color: #000000;\">Taribo T\u00f6nnes<\/span><\/strong><br \/>\nStadtweg 3<br \/>\n<span style=\"color: #000000;\"> 37671 H\u00f6xter<\/span><br \/>\ntaribo.toennes@web.de<\/td>\n<\/tr>\n<\/tbody>\n<\/table>\n","protected":false},"excerpt":{"rendered":"<p>1. Vorsitzender: Pascal Kleine Hauptstra\u00dfe 76 37671 H\u00f6xter 0172 \/2968824 pascal.kleine@online.de 2. Vorsitzender: Christopher Schmidt Kassiererin: Judith Wilczek Steingarten 21 37671 H\u00f6xter judith.wilczek@gmx.de Schriftf\u00fchrer: Alexander Hoppe Lesebreite 1a 37671 H\u00f6xter alexander.hoppe@online.de Sport- \/Jugendwart: Taribo T\u00f6nnes Stadtweg 3 37671 H\u00f6xter taribo.toennes@web.de<\/p>\n","protected":false},"author":1,"featured_media":0,"parent":67,"menu_order":0,"comment_status":"closed","ping_status":"closed","template":"","meta":{"_mc_calendar":[],"footnotes":""},"class_list":["post-84","page","type-page","status-publish","hentry"],"_links":{"self":[{"href":"https:\/\/tennisclub86-ovenhausen.lima-city.de\/index.php?rest_route=\/wp\/v2\/pages\/84","targetHints":{"allow":["GET"]}}],"collection":[{"href":"https:\/\/tennisclub86-ovenhausen.lima-city.de\/index.php?rest_route=\/wp\/v2\/pages"}],"about":[{"href":"https:\/\/tennisclub86-ovenhausen.lima-city.de\/index.php?rest_route=\/wp\/v2\/types\/page"}],"author":[{"embeddable":true,"href":"https:\/\/tennisclub86-ovenhausen.lima-city.de\/index.php?rest_route=\/wp\/v2\/users\/1"}],"replies":[{"embeddable":true,"href":"https:\/\/tennisclub86-ovenhausen.lima-city.de\/index.php?rest_route=%2Fwp%2Fv2%2Fcomments&post=84"}],"version-history":[{"count":9,"href":"https:\/\/tennisclub86-ovenhausen.lima-city.de\/index.php?rest_route=\/wp\/v2\/pages\/84\/revisions"}],"predecessor-version":[{"id":1763,"href":"https:\/\/tennisclub86-ovenhausen.lima-city.de\/index.php?rest_route=\/wp\/v2\/pages\/84\/revisions\/1763"}],"up":[{"embeddable":true,"href":"https:\/\/tennisclub86-ovenhausen.lima-city.de\/index.php?rest_route=\/wp\/v2\/pages\/67"}],"wp:attachment":[{"href":"https:\/\/tennisclub86-ovenhausen.lima-city.de\/index.php?rest_route=%2Fwp%2Fv2%2Fmedia&parent=84"}],"curies":[{"name":"wp","href":"https:\/\/api.w.org\/{rel}","templated":true}]}}