{"id":87,"date":"2015-04-14T11:03:52","date_gmt":"2015-04-14T09:03:52","guid":{"rendered":"http:\/\/tennisclub86-ovenhausen.lima-city.de\/?page_id=87"},"modified":"2022-05-10T22:17:40","modified_gmt":"2022-05-10T20:17:40","slug":"anmeldeformular","status":"publish","type":"page","link":"https:\/\/tennisclub86-ovenhausen.lima-city.de\/?page_id=87","title":{"rendered":"Mitgliedschaftsvertrag"},"content":{"rendered":"<p>Hier k\u00f6nnen Sie sich den Mitgliedschaftsvertrag f\u00fcr den Tennisclub \u00b486 Ovenhausen anschauen, ausdrucken oder herunterladen \u00fcber den Pfeil oben rechts im schwarzen Fenster.<\/p>\n<p>Ebenfalls k\u00f6nnen Sie den Mitgliedschaftsvertrag in gro\u00df anschauen auf einer neuen Seite \u00fcber folgenden Link:<\/p>\n\n\n<div data-wp-interactive=\"core\/file\" class=\"wp-block-file\"><object data-wp-bind--hidden=\"!state.hasPdfPreview\" hidden class=\"wp-block-file__embed\" data=\"https:\/\/tennisclub86-ovenhausen.lima-city.de\/wp-content\/uploads\/2022\/05\/Anmeldeformular-Mitgliedschaft-Tennisverein.pdf\" type=\"application\/pdf\" style=\"width:100%;height:600px\" aria-label=\"Einbettung von Einbettung von Anmeldeformular Mitgliedschaft Tennisverein..\"><\/object><a id=\"wp-block-file--media-20563203-e77c-4b0a-9dbd-df28fb11eafc\" href=\"https:\/\/tennisclub86-ovenhausen.lima-city.de\/wp-content\/uploads\/2022\/05\/Anmeldeformular-Mitgliedschaft-Tennisverein.pdf\">Anmeldeformular Mitgliedschaft Tennisverein<\/a><a href=\"https:\/\/tennisclub86-ovenhausen.lima-city.de\/wp-content\/uploads\/2022\/05\/Anmeldeformular-Mitgliedschaft-Tennisverein.pdf\" class=\"wp-block-file__button\" download aria-describedby=\"wp-block-file--media-20563203-e77c-4b0a-9dbd-df28fb11eafc\">Herunterladen<\/a><\/div>\n","protected":false},"excerpt":{"rendered":"<p>Hier k\u00f6nnen Sie sich den Mitgliedschaftsvertrag f\u00fcr den Tennisclub \u00b486 Ovenhausen anschauen, ausdrucken oder herunterladen \u00fcber den Pfeil oben rechts im schwarzen Fenster. Ebenfalls k\u00f6nnen Sie den Mitgliedschaftsvertrag in gro\u00df anschauen auf einer neuen Seite \u00fcber folgenden Link:<\/p>\n","protected":false},"author":1,"featured_media":0,"parent":67,"menu_order":0,"comment_status":"closed","ping_status":"closed","template":"","meta":{"_mc_calendar":[],"footnotes":""},"class_list":["post-87","page","type-page","status-publish","hentry"],"_links":{"self":[{"href":"https:\/\/tennisclub86-ovenhausen.lima-city.de\/index.php?rest_route=\/wp\/v2\/pages\/87","targetHints":{"allow":["GET"]}}],"collection":[{"href":"https:\/\/tennisclub86-ovenhausen.lima-city.de\/index.php?rest_route=\/wp\/v2\/pages"}],"about":[{"href":"https:\/\/tennisclub86-ovenhausen.lima-city.de\/index.php?rest_route=\/wp\/v2\/types\/page"}],"author":[{"embeddable":true,"href":"https:\/\/tennisclub86-ovenhausen.lima-city.de\/index.php?rest_route=\/wp\/v2\/users\/1"}],"replies":[{"embeddable":true,"href":"https:\/\/tennisclub86-ovenhausen.lima-city.de\/index.php?rest_route=%2Fwp%2Fv2%2Fcomments&post=87"}],"version-history":[{"count":14,"href":"https:\/\/tennisclub86-ovenhausen.lima-city.de\/index.php?rest_route=\/wp\/v2\/pages\/87\/revisions"}],"predecessor-version":[{"id":1739,"href":"https:\/\/tennisclub86-ovenhausen.lima-city.de\/index.php?rest_route=\/wp\/v2\/pages\/87\/revisions\/1739"}],"up":[{"embeddable":true,"href":"https:\/\/tennisclub86-ovenhausen.lima-city.de\/index.php?rest_route=\/wp\/v2\/pages\/67"}],"wp:attachment":[{"href":"https:\/\/tennisclub86-ovenhausen.lima-city.de\/index.php?rest_route=%2Fwp%2Fv2%2Fmedia&parent=87"}],"curies":[{"name":"wp","href":"https:\/\/api.w.org\/{rel}","templated":true}]}}