{"id":999,"date":"2017-01-21T12:54:55","date_gmt":"2017-01-21T11:54:55","guid":{"rendered":"http:\/\/tennisclub86-ovenhausen.lima-city.de\/?page_id=999"},"modified":"2017-01-21T12:54:55","modified_gmt":"2017-01-21T11:54:55","slug":"geschichte","status":"publish","type":"page","link":"https:\/\/tennisclub86-ovenhausen.lima-city.de\/?page_id=999","title":{"rendered":"Geschichte"},"content":{"rendered":"<p><strong>Kurzdarstellung der Geschichte des Tennisverein TC 86 Ovenhausen e.V.<\/strong><\/p>\n<p>Am 13.04.1986 wurde der Tennisverein TC 86 Ovenhausen e.V. von 11 Personen gegr\u00fcndet.<br \/>\nDie 1. Mitgliedsversammlung mit Beratung und Beschlussfassung der Satzung fand am 27.04.1986 statt.<\/p>\n<p>Im Jahre 1987 geh\u00f6rten dem Verein ca. 30 Mitglieder an, weshalb sich der Vorstand entschloss, zun\u00e4chst nur einen Turnierplatz zu errichten und den Bau des zweiten Platzes von der Entwicklung der Mitgliederzahlen abh\u00e4ngig zu machen.<\/p>\n<p>Am 09.06.1988 wurde der erste Platz fertiggestellt. Da sich im Laufe dieses Jahres die Mitgliederzahl auf 45 Erwachsene und 30 Kinder\/Jugendliche erh\u00f6hte, entschloss sich der Verein, sofort mit den Bauarbeiten des zweiten Platzes zu beginnen.<\/p>\n<p>Die Tennispl\u00e4tze wurden am 03.06.1989 feierlich durch Pastor Matziol eingeweiht. Die Stadt H\u00f6xter wurde durch B\u00fcrgermeisterin Frau Baumgarten vertreten.<\/p>\n<p>Nun begann auf den Tennispl\u00e4tzen ein reger Spielbetrieb. Am 17. Und 18.07.1989 wurde die Einzelmeisterschaft der Damen und Herren ausgetragen. Eine erste und zweite Herrenmannschaft meldete man in der Saison 1990\/1991 f\u00fcr den offiziellen Meisterschaftsbetrieb.<\/p>\n<p>Am 23.07.1992 wurde die Baugenehmigung f\u00fcr das Clubheim erteilt und am 01.10.1992 folgte die Grundsteinlegung. Kein Wochenende verging ohne Eigenleistungen am Vereinsheim. Die feierliche Einweihung erfolgte dann am 07. und 08. Mai 1994 mit einem Festprogramm.<\/p>\n<p>Ab 1993 nahm erstmals eine Damenmannschaft am offiziellen Spielbetrieb teil. Inzwischen gibt es auch viel Sch\u00fcler- und Jugendmannschaften. Im Jahr 1993 stellte der Verein den Kreismeister bei den Jungen der Jahrg\u00e4nge 1984\/1985.<\/p>\n<p>Von nun an nehmen die Vereinsmitglieder an den j\u00e4hrlich stattfindenden Tennismannschaftsmeisterschaften und Stadtmeisterschaften teil. Ein Kinder- und Jugendtraining unter Betreuung wird ebenfalls angeboten.<\/p>\n<p>Am 04. Und 05. Mai 1996 feierte der Verein sein 10-j\u00e4hriges Bestehen und am 18. August 2001 sein 15-j\u00e4hriges Jubil\u00e4um.<\/p>\n<p>Seit dem Jahr 2001 bietet der Verein Tennisinteressierten eine \u201eSchnuppermitgliedschaft\u201c hierbei zahlt man ein Jahr lang nur die H\u00e4lfte des offiziellen Jahresbeitrages. Eine Aufnahmegeb\u00fchr wird nicht mehr erhoben.<\/p>\n<p>Zum Vereinsleben geh\u00f6ren regelm\u00e4\u00dfig stattfindende Vereinsfeiern, Fahrradtouren und Wanderungen sowie die Teilnahme in Festumz\u00fcgen zu Karneval und Heimatfesten.<\/p>\n","protected":false},"excerpt":{"rendered":"<p>Kurzdarstellung der Geschichte des Tennisverein TC 86 Ovenhausen e.V. Am 13.04.1986 wurde der Tennisverein TC 86 Ovenhausen e.V. von 11 Personen gegr\u00fcndet. Die 1. Mitgliedsversammlung mit Beratung und Beschlussfassung der Satzung fand am 27.04.1986 statt. Im Jahre 1987 geh\u00f6rten dem&hellip; <\/p>\n","protected":false},"author":1,"featured_media":0,"parent":0,"menu_order":0,"comment_status":"closed","ping_status":"closed","template":"","meta":{"_mc_calendar":[],"footnotes":""},"class_list":["post-999","page","type-page","status-publish","hentry"],"_links":{"self":[{"href":"https:\/\/tennisclub86-ovenhausen.lima-city.de\/index.php?rest_route=\/wp\/v2\/pages\/999","targetHints":{"allow":["GET"]}}],"collection":[{"href":"https:\/\/tennisclub86-ovenhausen.lima-city.de\/index.php?rest_route=\/wp\/v2\/pages"}],"about":[{"href":"https:\/\/tennisclub86-ovenhausen.lima-city.de\/index.php?rest_route=\/wp\/v2\/types\/page"}],"author":[{"embeddable":true,"href":"https:\/\/tennisclub86-ovenhausen.lima-city.de\/index.php?rest_route=\/wp\/v2\/users\/1"}],"replies":[{"embeddable":true,"href":"https:\/\/tennisclub86-ovenhausen.lima-city.de\/index.php?rest_route=%2Fwp%2Fv2%2Fcomments&post=999"}],"version-history":[{"count":1,"href":"https:\/\/tennisclub86-ovenhausen.lima-city.de\/index.php?rest_route=\/wp\/v2\/pages\/999\/revisions"}],"predecessor-version":[{"id":1000,"href":"https:\/\/tennisclub86-ovenhausen.lima-city.de\/index.php?rest_route=\/wp\/v2\/pages\/999\/revisions\/1000"}],"wp:attachment":[{"href":"https:\/\/tennisclub86-ovenhausen.lima-city.de\/index.php?rest_route=%2Fwp%2Fv2%2Fmedia&parent=999"}],"curies":[{"name":"wp","href":"https:\/\/api.w.org\/{rel}","templated":true}]}}